{"id":9394,"date":"2025-02-08T19:39:02","date_gmt":"2025-02-08T19:39:02","guid":{"rendered":"https:\/\/concepcion.de\/?post_type=product&#038;p=9394"},"modified":"2025-03-24T13:51:57","modified_gmt":"2025-03-24T13:51:57","slug":"opa-gratuliert-50-gedichte-fuer-enkel","status":"publish","type":"product","link":"https:\/\/concepcion.de\/index.php\/produkt\/opa-gratuliert-50-gedichte-fuer-enkel\/","title":{"rendered":"Opa gratuliert &#8211; 50 Gedichte f\u00fcr Enkel"},"content":{"rendered":"<p>Zum Enkel-Geburtstag nur einen Schein r\u00fcberreichen, ist f\u00fcr den Opa oft eine Verlegenheitsl\u00f6sung. Wer das Geld aber durch eine pers\u00f6nliche Note aufwerten m\u00f6chte, erg\u00e4nzt es durch ein Begleitgedicht. Das kann man aus diesem Buch abschreiben.<\/p>\n<p>Oder Opa verfasst selber eines. Wie das gelingen kann, verr\u00e4t die Anleitung f\u00fcr die Praxis im Anhang. Wie man seinen Gedanken Beine machen und dann auf Trab halten kann, verr\u00e4t das Kapitel \u00fcber Kreativit\u00e4t. Wird das Handwerkszeug f\u00fcr die Gedankenwerkstatt richtig gehandhabt, holpern und stolpern eigene Texte nicht mehr vor sich hin.<\/p>\n<p>Das Buch zahlt sich also auch f\u00fcr andere famili\u00e4re Anl\u00e4sse aus. Das d\u00fcrfte auch die Omas interessieren &#8230;<\/p>\n","protected":false},"excerpt":{"rendered":"<p>Zum Enkel-Geburtstag nur einen Schein r\u00fcberreichen, ist f\u00fcr den Opa oft eine Verlegenheitsl\u00f6sung. Wer das Geld aber durch eine pers\u00f6nliche Note aufwerten m\u00f6chte, erg\u00e4nzt es durch ein Begleitgedicht. Das kann man aus diesem Buch abschreiben. Oder Opa verfasst selber eines. Wie das gelingen kann, verr\u00e4t die Anleitung f\u00fcr die Praxis im Anhang. Wie man seinen Gedanken Beine machen und dann auf Trab halten kann, verr\u00e4t das Kapitel \u00fcber Kreativit\u00e4t. Wird das Handwerkszeug f\u00fcr die Gedankenwerkstatt richtig gehandhabt, holpern und stolpern eigene Texte nicht mehr vor sich hin. Das Buch zahlt sich also auch f\u00fcr andere famili\u00e4re Anl\u00e4sse aus. Das d\u00fcrfte auch die Omas interessieren &#8230;<\/p>\n","protected":false},"featured_media":6273,"template":"","meta":[],"product_brand":[],"product_cat":[42,15],"product_tag":[],"class_list":{"0":"post-9394","1":"product","2":"type-product","3":"status-publish","4":"has-post-thumbnail","6":"product_cat-allgemeines","7":"product_cat-concepcion-seidel-ohg","8":"product_shipping_class-buecher-bis-2kg","10":"first","11":"instock","12":"shipping-taxable","13":"purchasable","14":"product-type-simple"},"acf":[],"_links":{"self":[{"href":"https:\/\/concepcion.de\/index.php\/wp-json\/wp\/v2\/product\/9394","targetHints":{"allow":["GET"]}}],"collection":[{"href":"https:\/\/concepcion.de\/index.php\/wp-json\/wp\/v2\/product"}],"about":[{"href":"https:\/\/concepcion.de\/index.php\/wp-json\/wp\/v2\/types\/product"}],"wp:featuredmedia":[{"embeddable":true,"href":"https:\/\/concepcion.de\/index.php\/wp-json\/wp\/v2\/media\/6273"}],"wp:attachment":[{"href":"https:\/\/concepcion.de\/index.php\/wp-json\/wp\/v2\/media?parent=9394"}],"wp:term":[{"taxonomy":"product_brand","embeddable":true,"href":"https:\/\/concepcion.de\/index.php\/wp-json\/wp\/v2\/product_brand?post=9394"},{"taxonomy":"product_cat","embeddable":true,"href":"https:\/\/concepcion.de\/index.php\/wp-json\/wp\/v2\/product_cat?post=9394"},{"taxonomy":"product_tag","embeddable":true,"href":"https:\/\/concepcion.de\/index.php\/wp-json\/wp\/v2\/product_tag?post=9394"}],"curies":[{"name":"wp","href":"https:\/\/api.w.org\/{rel}","templated":true}]}}