{"id":9389,"date":"2025-02-08T19:39:02","date_gmt":"2025-02-08T19:39:02","guid":{"rendered":"https:\/\/concepcion.de\/?post_type=product&#038;p=9389"},"modified":"2025-03-24T13:48:58","modified_gmt":"2025-03-24T13:48:58","slug":"und-dann-jagen-wir-unseren-gedanken-nach","status":"publish","type":"product","link":"https:\/\/concepcion.de\/index.php\/produkt\/und-dann-jagen-wir-unseren-gedanken-nach\/","title":{"rendered":"&#8230; und dann jagen wir unseren Gedanken nach"},"content":{"rendered":"<p>Die Zwillinge Konstantin und Kornelius sind Autisten. Neben ihrem Studium schreiben sie Gedichte, Essays und kurze Prosast\u00fccke voller neuer W\u00f6rter und Poesie und entf\u00fchren den Leser damit in ihre Welt.<\/p>\n","protected":false},"excerpt":{"rendered":"<p>Die Zwillinge Konstantin und Kornelius sind Autisten. Neben ihrem Studium schreiben sie Gedichte, Essays und kurze Prosast\u00fccke voller neuer W\u00f6rter und Poesie und entf\u00fchren den Leser damit in ihre Welt.<\/p>\n","protected":false},"featured_media":6519,"template":"","meta":[],"product_brand":[],"product_cat":[15,25],"product_tag":[],"class_list":{"0":"post-9389","1":"product","2":"type-product","3":"status-publish","4":"has-post-thumbnail","6":"product_cat-concepcion-seidel-ohg","7":"product_cat-individuelles-geschichte-und-gegenwart","8":"product_shipping_class-buecher-bis-2kg","10":"first","11":"instock","12":"shipping-taxable","13":"purchasable","14":"product-type-simple"},"acf":[],"_links":{"self":[{"href":"https:\/\/concepcion.de\/index.php\/wp-json\/wp\/v2\/product\/9389","targetHints":{"allow":["GET"]}}],"collection":[{"href":"https:\/\/concepcion.de\/index.php\/wp-json\/wp\/v2\/product"}],"about":[{"href":"https:\/\/concepcion.de\/index.php\/wp-json\/wp\/v2\/types\/product"}],"wp:featuredmedia":[{"embeddable":true,"href":"https:\/\/concepcion.de\/index.php\/wp-json\/wp\/v2\/media\/6519"}],"wp:attachment":[{"href":"https:\/\/concepcion.de\/index.php\/wp-json\/wp\/v2\/media?parent=9389"}],"wp:term":[{"taxonomy":"product_brand","embeddable":true,"href":"https:\/\/concepcion.de\/index.php\/wp-json\/wp\/v2\/product_brand?post=9389"},{"taxonomy":"product_cat","embeddable":true,"href":"https:\/\/concepcion.de\/index.php\/wp-json\/wp\/v2\/product_cat?post=9389"},{"taxonomy":"product_tag","embeddable":true,"href":"https:\/\/concepcion.de\/index.php\/wp-json\/wp\/v2\/product_tag?post=9389"}],"curies":[{"name":"wp","href":"https:\/\/api.w.org\/{rel}","templated":true}]}}