{"id":9387,"date":"2025-02-08T19:39:02","date_gmt":"2025-02-08T19:39:02","guid":{"rendered":"https:\/\/concepcion.de\/?post_type=product&#038;p=9387"},"modified":"2025-03-20T13:59:40","modified_gmt":"2025-03-20T13:59:40","slug":"lochstaagebischpr","status":"publish","type":"product","link":"https:\/\/concepcion.de\/index.php\/produkt\/lochstaagebischpr\/","title":{"rendered":"Lochstaagebischpr"},"content":{"rendered":"<p><em>Eberhard Navratil:<\/em><br \/>\nIech zeich dr auf in maan Geschichtn,<br \/>\ndies Lebn un de Haamet bot,<br \/>\nwuerieber die zwee Felsn bischprn,<br \/>\nwie ichs ehm sue vrstandn hot<br \/>\nun f\u00e4llt drs Lesn noch sue schwer,<br \/>\nwalls in vuegtl\u00e4nnisch is geschriebn,<br \/>\nsue streng diech oa, mach koa Gem\u00e4hr,<br \/>\nde Muttersproach, die mu\u00df mr liebn.<\/p>\n","protected":false},"excerpt":{"rendered":"<p>Eberhard Navratil: Iech zeich dr auf in maan Geschichtn, dies Lebn un de Haamet bot, wuerieber die zwee Felsn bischprn, wie ichs ehm sue vrstandn hot un f\u00e4llt drs Lesn noch sue schwer, walls in vuegtl\u00e4nnisch is geschriebn, sue streng diech oa, mach koa Gem\u00e4hr, de Muttersproach, die mu\u00df mr liebn.<\/p>\n","protected":false},"featured_media":6517,"template":"","meta":[],"product_brand":[],"product_cat":[15,24],"product_tag":[],"class_list":{"0":"post-9387","1":"product","2":"type-product","3":"status-publish","4":"has-post-thumbnail","6":"product_cat-concepcion-seidel-ohg","7":"product_cat-vogtlandverlag","8":"product_shipping_class-buecher-bis-2kg","10":"first","11":"instock","12":"shipping-taxable","13":"purchasable","14":"product-type-simple"},"acf":[],"_links":{"self":[{"href":"https:\/\/concepcion.de\/index.php\/wp-json\/wp\/v2\/product\/9387","targetHints":{"allow":["GET"]}}],"collection":[{"href":"https:\/\/concepcion.de\/index.php\/wp-json\/wp\/v2\/product"}],"about":[{"href":"https:\/\/concepcion.de\/index.php\/wp-json\/wp\/v2\/types\/product"}],"wp:featuredmedia":[{"embeddable":true,"href":"https:\/\/concepcion.de\/index.php\/wp-json\/wp\/v2\/media\/6517"}],"wp:attachment":[{"href":"https:\/\/concepcion.de\/index.php\/wp-json\/wp\/v2\/media?parent=9387"}],"wp:term":[{"taxonomy":"product_brand","embeddable":true,"href":"https:\/\/concepcion.de\/index.php\/wp-json\/wp\/v2\/product_brand?post=9387"},{"taxonomy":"product_cat","embeddable":true,"href":"https:\/\/concepcion.de\/index.php\/wp-json\/wp\/v2\/product_cat?post=9387"},{"taxonomy":"product_tag","embeddable":true,"href":"https:\/\/concepcion.de\/index.php\/wp-json\/wp\/v2\/product_tag?post=9387"}],"curies":[{"name":"wp","href":"https:\/\/api.w.org\/{rel}","templated":true}]}}