{"id":9372,"date":"2025-02-08T19:39:01","date_gmt":"2025-02-08T19:39:01","guid":{"rendered":"https:\/\/concepcion.de\/?post_type=product&#038;p=9372"},"modified":"2025-03-24T13:59:04","modified_gmt":"2025-03-24T13:59:04","slug":"gespraeche-am-pflegebett","status":"publish","type":"product","link":"https:\/\/concepcion.de\/index.php\/produkt\/gespraeche-am-pflegebett\/","title":{"rendered":"Gespr\u00e4che am Pflegebett"},"content":{"rendered":"<p>Letzte Stunden zwischen Manfred Sch\u00e4ller und seiner Frau.<\/p>\n<p><strong>Manfred Sch\u00e4ller,<\/strong> Jahrgang 1942, war ein Autodidakt, der sich sein umfangreiches Wissen unter den widrigen Verh\u00e4ltnissen der DDR aneignete. Galt in seiner Jugend allen Naturwissenschaften sein Interesse, fand bei dem 22-J\u00e4hrigen eine deutliche Verlagerung hin zur Theologie statt. Die Frage nach dem Sinn des Daseins wurde bei diesem Denker so dr\u00e4ngend, dass er bald sein Leben radikal \u00e4nderte. Der Inhalt dieses Buches gibt wieder, wie aus dem jungen Mann, der f\u00fcr seine ungew\u00f6hnliche Sachkenntnis und seinen ausgepr\u00e4gten Gerechtigkeitssinn bekannt war, ein Christ wurde, der ein bemerkenswertes Engagement f\u00fcr die Erforschung und Auslegung von Gottes Wort entfaltete.<\/p>\n<p><strong>Gerhild Sch\u00e4ller,<\/strong> 1944 im Erzgebirge geboren, erlernte urspr\u00fcnglich den Beruf einer Dekorateurin, schulte aber schon bald in den pharmazeutischen Bereich um.<br \/>\nMit ihrem Ehemann Manfred \u2013 einem Lehrer f\u00fcr Altes Testament an der Bibelschule Burgst\u00e4dt \u2013 war sie mehr als f\u00fcnf Jahrzehnte verheiratet.<br \/>\nHeute verbringt sie ihren Ruhestand in ihrer neuen Heimat \u2013 der Lausitz.<\/p>\n","protected":false},"excerpt":{"rendered":"<p>Letzte Stunden zwischen Manfred Sch\u00e4ller und seiner Frau. Manfred Sch\u00e4ller, Jahrgang 1942, war ein Autodidakt, der sich sein umfangreiches Wissen unter den widrigen Verh\u00e4ltnissen der DDR aneignete. Galt in seiner Jugend allen Naturwissenschaften sein Interesse, fand bei dem 22-J\u00e4hrigen eine deutliche Verlagerung hin zur Theologie statt. Die Frage nach dem Sinn des Daseins wurde bei diesem Denker so dr\u00e4ngend, dass er bald sein Leben radikal \u00e4nderte. Der Inhalt dieses Buches gibt wieder, wie aus dem jungen Mann, der f\u00fcr seine ungew\u00f6hnliche Sachkenntnis und seinen ausgepr\u00e4gten Gerechtigkeitssinn bekannt war, ein Christ wurde, der ein bemerkenswertes Engagement f\u00fcr die Erforschung und Auslegung von Gottes Wort entfaltete. Gerhild Sch\u00e4ller, 1944 im Erzgebirge geboren, erlernte urspr\u00fcnglich den Beruf einer Dekorateurin, schulte aber schon bald in den pharmazeutischen Bereich um. Mit ihrem Ehemann Manfred \u2013 einem Lehrer f\u00fcr Altes Testament an der Bibelschule Burgst\u00e4dt \u2013 war sie mehr als f\u00fcnf Jahrzehnte verheiratet. Heute verbringt sie ihren Ruhestand in ihrer neuen Heimat \u2013 der Lausitz.<\/p>\n","protected":false},"featured_media":6271,"template":"","meta":[],"product_brand":[],"product_cat":[42,15],"product_tag":[],"class_list":{"0":"post-9372","1":"product","2":"type-product","3":"status-publish","4":"has-post-thumbnail","6":"product_cat-allgemeines","7":"product_cat-concepcion-seidel-ohg","8":"product_shipping_class-buecher-bis-2kg","10":"first","11":"instock","12":"shipping-taxable","13":"purchasable","14":"product-type-simple"},"acf":[],"_links":{"self":[{"href":"https:\/\/concepcion.de\/index.php\/wp-json\/wp\/v2\/product\/9372","targetHints":{"allow":["GET"]}}],"collection":[{"href":"https:\/\/concepcion.de\/index.php\/wp-json\/wp\/v2\/product"}],"about":[{"href":"https:\/\/concepcion.de\/index.php\/wp-json\/wp\/v2\/types\/product"}],"wp:featuredmedia":[{"embeddable":true,"href":"https:\/\/concepcion.de\/index.php\/wp-json\/wp\/v2\/media\/6271"}],"wp:attachment":[{"href":"https:\/\/concepcion.de\/index.php\/wp-json\/wp\/v2\/media?parent=9372"}],"wp:term":[{"taxonomy":"product_brand","embeddable":true,"href":"https:\/\/concepcion.de\/index.php\/wp-json\/wp\/v2\/product_brand?post=9372"},{"taxonomy":"product_cat","embeddable":true,"href":"https:\/\/concepcion.de\/index.php\/wp-json\/wp\/v2\/product_cat?post=9372"},{"taxonomy":"product_tag","embeddable":true,"href":"https:\/\/concepcion.de\/index.php\/wp-json\/wp\/v2\/product_tag?post=9372"}],"curies":[{"name":"wp","href":"https:\/\/api.w.org\/{rel}","templated":true}]}}