{"id":9361,"date":"2025-02-08T19:38:51","date_gmt":"2025-02-08T19:38:51","guid":{"rendered":"https:\/\/concepcion.de\/?post_type=product&#038;p=9361"},"modified":"2025-03-24T14:31:23","modified_gmt":"2025-03-24T14:31:23","slug":"bei-dir-ist-die-quelle-des-lebens","status":"publish","type":"product","link":"https:\/\/concepcion.de\/index.php\/produkt\/bei-dir-ist-die-quelle-des-lebens\/","title":{"rendered":"Bei dir ist die Quelle des Lebens"},"content":{"rendered":"<p>\u201e\u2026 und in deinem Licht sehen wir das Licht\u201c (Psalm 36,10)<br \/>\nVon der Quelle bis zum Licht. Lassen Sie sich in diesem Buch mitnehmen auf eine Reise mit Ausblicken auf verschiedene Bibelstellen und Aspekte des Glaubens. Die von Julia Kunze verfassten Texte werden erg\u00e4nzt von aussagekr\u00e4ftigen Bildern der K\u00fcnstlerin.<br \/>\nVon der Autorin des Buches \u201eLicht auf meinem Weg\u201c<\/p>\n","protected":false},"excerpt":{"rendered":"<p>\u201e\u2026 und in deinem Licht sehen wir das Licht\u201c (Psalm 36,10) Von der Quelle bis zum Licht. Lassen Sie sich in diesem Buch mitnehmen auf eine Reise mit Ausblicken auf verschiedene Bibelstellen und Aspekte des Glaubens. Die von Julia Kunze verfassten Texte werden erg\u00e4nzt von aussagekr\u00e4ftigen Bildern der K\u00fcnstlerin. Von der Autorin des Buches \u201eLicht auf meinem Weg\u201c<\/p>\n","protected":false},"featured_media":6270,"template":"","meta":[],"product_brand":[],"product_cat":[42,15],"product_tag":[],"class_list":{"0":"post-9361","1":"product","2":"type-product","3":"status-publish","4":"has-post-thumbnail","6":"product_cat-allgemeines","7":"product_cat-concepcion-seidel-ohg","8":"product_shipping_class-buecher-bis-2kg","10":"first","11":"instock","12":"shipping-taxable","13":"purchasable","14":"product-type-simple"},"acf":[],"_links":{"self":[{"href":"https:\/\/concepcion.de\/index.php\/wp-json\/wp\/v2\/product\/9361","targetHints":{"allow":["GET"]}}],"collection":[{"href":"https:\/\/concepcion.de\/index.php\/wp-json\/wp\/v2\/product"}],"about":[{"href":"https:\/\/concepcion.de\/index.php\/wp-json\/wp\/v2\/types\/product"}],"wp:featuredmedia":[{"embeddable":true,"href":"https:\/\/concepcion.de\/index.php\/wp-json\/wp\/v2\/media\/6270"}],"wp:attachment":[{"href":"https:\/\/concepcion.de\/index.php\/wp-json\/wp\/v2\/media?parent=9361"}],"wp:term":[{"taxonomy":"product_brand","embeddable":true,"href":"https:\/\/concepcion.de\/index.php\/wp-json\/wp\/v2\/product_brand?post=9361"},{"taxonomy":"product_cat","embeddable":true,"href":"https:\/\/concepcion.de\/index.php\/wp-json\/wp\/v2\/product_cat?post=9361"},{"taxonomy":"product_tag","embeddable":true,"href":"https:\/\/concepcion.de\/index.php\/wp-json\/wp\/v2\/product_tag?post=9361"}],"curies":[{"name":"wp","href":"https:\/\/api.w.org\/{rel}","templated":true}]}}