{"id":9339,"date":"2025-02-08T19:38:50","date_gmt":"2025-02-08T19:38:50","guid":{"rendered":"https:\/\/concepcion.de\/?post_type=product&#038;p=9339"},"modified":"2025-03-24T14:37:14","modified_gmt":"2025-03-24T14:37:14","slug":"das-maximum","status":"publish","type":"product","link":"https:\/\/concepcion.de\/index.php\/produkt\/das-maximum\/","title":{"rendered":"Das Maximum"},"content":{"rendered":"<p>Ein roter Teppich, Blitzlichtgewitter, begeisterte Menschenmengen. Von ihm begeisterte Menschenmengen \u2013 Alexanders Zukunftstraum.<br \/>\n<em>Nicht mein Traum \u2013 meine Bestimmung! Ich werde die Menschheit revolutionieren.<\/em><br \/>\nMatthias ist es ziemlich egal, was sein Mitsch\u00fcler f\u00fcr Ansichten vertritt, solange er Helena damit in Ruhe l\u00e4sst. Und seine Schwester.<br \/>\nDoch Worte k\u00f6nnen giftige Widerhaken haben \u2026<br \/>\n&#8212;<br \/>\nEine packende Geschichte \u00fcber moderne G\u00f6tzen und echte Werte, \u00fcber Wahrheit und L\u00fcge.<\/p>\n","protected":false},"excerpt":{"rendered":"<p>Ein roter Teppich, Blitzlichtgewitter, begeisterte Menschenmengen. Von ihm begeisterte Menschenmengen \u2013 Alexanders Zukunftstraum. Nicht mein Traum \u2013 meine Bestimmung! Ich werde die Menschheit revolutionieren. Matthias ist es ziemlich egal, was sein Mitsch\u00fcler f\u00fcr Ansichten vertritt, solange er Helena damit in Ruhe l\u00e4sst. Und seine Schwester. Doch Worte k\u00f6nnen giftige Widerhaken haben \u2026 &#8212; Eine packende Geschichte \u00fcber moderne G\u00f6tzen und echte Werte, \u00fcber Wahrheit und L\u00fcge.<\/p>\n","protected":false},"featured_media":6268,"template":"","meta":[],"product_brand":[],"product_cat":[42,15],"product_tag":[],"class_list":{"0":"post-9339","1":"product","2":"type-product","3":"status-publish","4":"has-post-thumbnail","6":"product_cat-allgemeines","7":"product_cat-concepcion-seidel-ohg","8":"product_shipping_class-buecher-bis-2kg","10":"first","11":"instock","12":"shipping-taxable","13":"purchasable","14":"product-type-simple"},"acf":[],"_links":{"self":[{"href":"https:\/\/concepcion.de\/index.php\/wp-json\/wp\/v2\/product\/9339","targetHints":{"allow":["GET"]}}],"collection":[{"href":"https:\/\/concepcion.de\/index.php\/wp-json\/wp\/v2\/product"}],"about":[{"href":"https:\/\/concepcion.de\/index.php\/wp-json\/wp\/v2\/types\/product"}],"wp:featuredmedia":[{"embeddable":true,"href":"https:\/\/concepcion.de\/index.php\/wp-json\/wp\/v2\/media\/6268"}],"wp:attachment":[{"href":"https:\/\/concepcion.de\/index.php\/wp-json\/wp\/v2\/media?parent=9339"}],"wp:term":[{"taxonomy":"product_brand","embeddable":true,"href":"https:\/\/concepcion.de\/index.php\/wp-json\/wp\/v2\/product_brand?post=9339"},{"taxonomy":"product_cat","embeddable":true,"href":"https:\/\/concepcion.de\/index.php\/wp-json\/wp\/v2\/product_cat?post=9339"},{"taxonomy":"product_tag","embeddable":true,"href":"https:\/\/concepcion.de\/index.php\/wp-json\/wp\/v2\/product_tag?post=9339"}],"curies":[{"name":"wp","href":"https:\/\/api.w.org\/{rel}","templated":true}]}}