{"id":9333,"date":"2025-02-08T19:38:40","date_gmt":"2025-02-08T19:38:40","guid":{"rendered":"https:\/\/concepcion.de\/?post_type=product&#038;p=9333"},"modified":"2025-03-24T14:57:01","modified_gmt":"2025-03-24T14:57:01","slug":"miet-tzsch-tzsch-pfiff-un-viel-bim-bim","status":"publish","type":"product","link":"https:\/\/concepcion.de\/index.php\/produkt\/miet-tzsch-tzsch-pfiff-un-viel-bim-bim\/","title":{"rendered":"Miet Tzsch-Tzsch-Pfiff un viel Bim-Bim"},"content":{"rendered":"<p>Eberhard Navratil:<br \/>\n<em>&#8222;Sue rennt de Zeit hie bis se rim,<br \/>\nwos de drlebbt in dere Zeit verging sue schnell,<br \/>\nwie net gescheit,<br \/>\naah wenn siech nue de Bl\u00e4ttr f\u00e4rm,<br \/>\nwirst ewich de wos Neies h\u00e4rn.<br \/>\nDe Haamet, die beh\u00e4lt iehr Bild,<br \/>\nse is dr Halt, ihr Wort des gilt.&#8220;<\/em><\/p>\n","protected":false},"excerpt":{"rendered":"<p>Eberhard Navratil: &#8222;Sue rennt de Zeit hie bis se rim, wos de drlebbt in dere Zeit verging sue schnell, wie net gescheit, aah wenn siech nue de Bl\u00e4ttr f\u00e4rm, wirst ewich de wos Neies h\u00e4rn. De Haamet, die beh\u00e4lt iehr Bild, se is dr Halt, ihr Wort des gilt.&#8220;<\/p>\n","protected":false},"featured_media":6467,"template":"","meta":[],"product_brand":[],"product_cat":[15,24],"product_tag":[],"class_list":{"0":"post-9333","1":"product","2":"type-product","3":"status-publish","4":"has-post-thumbnail","6":"product_cat-concepcion-seidel-ohg","7":"product_cat-vogtlandverlag","8":"product_shipping_class-buecher-bis-2kg","10":"first","11":"instock","12":"shipping-taxable","13":"purchasable","14":"product-type-simple"},"acf":[],"_links":{"self":[{"href":"https:\/\/concepcion.de\/index.php\/wp-json\/wp\/v2\/product\/9333","targetHints":{"allow":["GET"]}}],"collection":[{"href":"https:\/\/concepcion.de\/index.php\/wp-json\/wp\/v2\/product"}],"about":[{"href":"https:\/\/concepcion.de\/index.php\/wp-json\/wp\/v2\/types\/product"}],"wp:featuredmedia":[{"embeddable":true,"href":"https:\/\/concepcion.de\/index.php\/wp-json\/wp\/v2\/media\/6467"}],"wp:attachment":[{"href":"https:\/\/concepcion.de\/index.php\/wp-json\/wp\/v2\/media?parent=9333"}],"wp:term":[{"taxonomy":"product_brand","embeddable":true,"href":"https:\/\/concepcion.de\/index.php\/wp-json\/wp\/v2\/product_brand?post=9333"},{"taxonomy":"product_cat","embeddable":true,"href":"https:\/\/concepcion.de\/index.php\/wp-json\/wp\/v2\/product_cat?post=9333"},{"taxonomy":"product_tag","embeddable":true,"href":"https:\/\/concepcion.de\/index.php\/wp-json\/wp\/v2\/product_tag?post=9333"}],"curies":[{"name":"wp","href":"https:\/\/api.w.org\/{rel}","templated":true}]}}