{"id":9321,"date":"2025-02-08T19:38:40","date_gmt":"2025-02-08T19:38:40","guid":{"rendered":"https:\/\/concepcion.de\/?post_type=product&#038;p=9321"},"modified":"2025-03-24T14:44:40","modified_gmt":"2025-03-24T14:44:40","slug":"die-kraft-des-evangeliums","status":"publish","type":"product","link":"https:\/\/concepcion.de\/index.php\/produkt\/die-kraft-des-evangeliums\/","title":{"rendered":"Die Kraft des Evangeliums"},"content":{"rendered":"<p>Mein Vater besuchte Siebenb\u00fcrgen zum ersten Mal Anfang der 70. Jahre. Dort wurde er &#8222;Hans-Onkel&#8220; genannt, sein Code-Name unter den Gemeindeleitern war &#8222;HaHa&#8220;. Er sprach immer wieder davon, dass man sich einen \u201eBazillus\u201c hole, wenn man einmal Siebenb\u00fcrgen besucht. Er hat im Laufe der Jahre viele Freunde mitgenommen. Und wir alle wurden tats\u00e4chlich \u201eangesteckt\u201c. Wir kamen wieder und wieder. Unser Leben war selbst in den Zeiten, in denen wir nicht in Rum\u00e4nien waren, von all dem ausgef\u00fcllt, was wir mit euch erlebt hatten.<br \/>\nUnd daf\u00fcr geb\u00fchrt vielen Menschen an dieser Stelle einmal ein ganz gro\u00dfes \u201eDanke!\u201c \u2013 mein Leben ist eine Frucht, von dem, was Gott durch die deutschen Br\u00fcder-Gemeinden in Siebenb\u00fcrgen getan hat. Danke, GOTT!<\/p>\n<p><em>Frank Heinrich, MdB aus Chemnitz<\/em><\/p>\n","protected":false},"excerpt":{"rendered":"<p>Mein Vater besuchte Siebenb\u00fcrgen zum ersten Mal Anfang der 70. Jahre. Dort wurde er &#8222;Hans-Onkel&#8220; genannt, sein Code-Name unter den Gemeindeleitern war &#8222;HaHa&#8220;. Er sprach immer wieder davon, dass man sich einen \u201eBazillus\u201c hole, wenn man einmal Siebenb\u00fcrgen besucht. Er hat im Laufe der Jahre viele Freunde mitgenommen. Und wir alle wurden tats\u00e4chlich \u201eangesteckt\u201c. Wir kamen wieder und wieder. Unser Leben war selbst in den Zeiten, in denen wir nicht in Rum\u00e4nien waren, von all dem ausgef\u00fcllt, was wir mit euch erlebt hatten. Und daf\u00fcr geb\u00fchrt vielen Menschen an dieser Stelle einmal ein ganz gro\u00dfes \u201eDanke!\u201c \u2013 mein Leben ist eine Frucht, von dem, was Gott durch die deutschen Br\u00fcder-Gemeinden in Siebenb\u00fcrgen getan hat. Danke, GOTT! Frank Heinrich, MdB aus Chemnitz<\/p>\n","protected":false},"featured_media":6458,"template":"","meta":[],"product_brand":[],"product_cat":[15,25],"product_tag":[],"class_list":{"0":"post-9321","1":"product","2":"type-product","3":"status-publish","4":"has-post-thumbnail","6":"product_cat-concepcion-seidel-ohg","7":"product_cat-individuelles-geschichte-und-gegenwart","8":"product_shipping_class-buecher-bis-2kg","10":"first","11":"instock","12":"shipping-taxable","13":"purchasable","14":"product-type-simple"},"acf":[],"_links":{"self":[{"href":"https:\/\/concepcion.de\/index.php\/wp-json\/wp\/v2\/product\/9321","targetHints":{"allow":["GET"]}}],"collection":[{"href":"https:\/\/concepcion.de\/index.php\/wp-json\/wp\/v2\/product"}],"about":[{"href":"https:\/\/concepcion.de\/index.php\/wp-json\/wp\/v2\/types\/product"}],"wp:featuredmedia":[{"embeddable":true,"href":"https:\/\/concepcion.de\/index.php\/wp-json\/wp\/v2\/media\/6458"}],"wp:attachment":[{"href":"https:\/\/concepcion.de\/index.php\/wp-json\/wp\/v2\/media?parent=9321"}],"wp:term":[{"taxonomy":"product_brand","embeddable":true,"href":"https:\/\/concepcion.de\/index.php\/wp-json\/wp\/v2\/product_brand?post=9321"},{"taxonomy":"product_cat","embeddable":true,"href":"https:\/\/concepcion.de\/index.php\/wp-json\/wp\/v2\/product_cat?post=9321"},{"taxonomy":"product_tag","embeddable":true,"href":"https:\/\/concepcion.de\/index.php\/wp-json\/wp\/v2\/product_tag?post=9321"}],"curies":[{"name":"wp","href":"https:\/\/api.w.org\/{rel}","templated":true}]}}