{"id":9318,"date":"2025-02-08T19:38:40","date_gmt":"2025-02-08T19:38:40","guid":{"rendered":"https:\/\/concepcion.de\/?post_type=product&#038;p=9318"},"modified":"2025-03-24T14:42:46","modified_gmt":"2025-03-24T14:42:46","slug":"max-schmerler-der-mann-der-den-musikwinkel-erfand","status":"publish","type":"product","link":"https:\/\/concepcion.de\/index.php\/produkt\/max-schmerler-der-mann-der-den-musikwinkel-erfand\/","title":{"rendered":"Max Schmerler &#8211; Der Mann, der den Musikwinkel erfand"},"content":{"rendered":"<p>Musikwinkel wird der Landstrich im s\u00fcd\u00f6stlichen Vogtland genannt, der sich um die St\u00e4dte Klingenthal, Markneukirchen, Adorf und Sch\u00f6neck erstreckt.<br \/>\nDiesen Namen hat Max Schmerler (1873-1960) seiner Heimat gegeben. Geboren in Zwota, heute ein Ortsteil von Klingenthal, f\u00fchrte ihn der Beruf des Lehrers nach Dresden.<br \/>\nFern von zu Hause, wurde er zu einem der namhaftesten vogtl\u00e4ndischen Mundartdichter.<\/p>\n<p><em>Eine Spurensuche zu seinem 150. Geburtstag.<\/em><\/p>\n","protected":false},"excerpt":{"rendered":"<p>Musikwinkel wird der Landstrich im s\u00fcd\u00f6stlichen Vogtland genannt, der sich um die St\u00e4dte Klingenthal, Markneukirchen, Adorf und Sch\u00f6neck erstreckt. Diesen Namen hat Max Schmerler (1873-1960) seiner Heimat gegeben. Geboren in Zwota, heute ein Ortsteil von Klingenthal, f\u00fchrte ihn der Beruf des Lehrers nach Dresden. Fern von zu Hause, wurde er zu einem der namhaftesten vogtl\u00e4ndischen Mundartdichter. Eine Spurensuche zu seinem 150. Geburtstag.<\/p>\n","protected":false},"featured_media":6265,"template":"","meta":[],"product_brand":[],"product_cat":[15,24],"product_tag":[],"class_list":{"0":"post-9318","1":"product","2":"type-product","3":"status-publish","4":"has-post-thumbnail","6":"product_cat-concepcion-seidel-ohg","7":"product_cat-vogtlandverlag","8":"product_shipping_class-buecher-bis-2kg","10":"first","11":"instock","12":"shipping-taxable","13":"purchasable","14":"product-type-simple"},"acf":[],"_links":{"self":[{"href":"https:\/\/concepcion.de\/index.php\/wp-json\/wp\/v2\/product\/9318","targetHints":{"allow":["GET"]}}],"collection":[{"href":"https:\/\/concepcion.de\/index.php\/wp-json\/wp\/v2\/product"}],"about":[{"href":"https:\/\/concepcion.de\/index.php\/wp-json\/wp\/v2\/types\/product"}],"wp:featuredmedia":[{"embeddable":true,"href":"https:\/\/concepcion.de\/index.php\/wp-json\/wp\/v2\/media\/6265"}],"wp:attachment":[{"href":"https:\/\/concepcion.de\/index.php\/wp-json\/wp\/v2\/media?parent=9318"}],"wp:term":[{"taxonomy":"product_brand","embeddable":true,"href":"https:\/\/concepcion.de\/index.php\/wp-json\/wp\/v2\/product_brand?post=9318"},{"taxonomy":"product_cat","embeddable":true,"href":"https:\/\/concepcion.de\/index.php\/wp-json\/wp\/v2\/product_cat?post=9318"},{"taxonomy":"product_tag","embeddable":true,"href":"https:\/\/concepcion.de\/index.php\/wp-json\/wp\/v2\/product_tag?post=9318"}],"curies":[{"name":"wp","href":"https:\/\/api.w.org\/{rel}","templated":true}]}}