{"id":9309,"date":"2025-02-08T19:38:39","date_gmt":"2025-02-08T19:38:39","guid":{"rendered":"https:\/\/concepcion.de\/?post_type=product&#038;p=9309"},"modified":"2025-03-24T14:59:51","modified_gmt":"2025-03-24T14:59:51","slug":"bestaetigung-ueber-zuwendung-3fach-selbstdurchschreibend","status":"publish","type":"product","link":"https:\/\/concepcion.de\/index.php\/produkt\/bestaetigung-ueber-zuwendung-3fach-selbstdurchschreibend\/","title":{"rendered":"Best\u00e4tigung \u00fcber Zuwendung &#8211; 3fach selbstdurchschreibend"},"content":{"rendered":"<p>Best\u00e4tigung \u00fcber Zuwendung &#8211; 3fach selbstdurchschreibend<\/p>\n","protected":false},"excerpt":{"rendered":"<p>Best\u00e4tigung \u00fcber Zuwendung &#8211; 3fach selbstdurchschreibend<\/p>\n","protected":false},"featured_media":6447,"template":"","meta":[],"product_brand":[],"product_cat":[15,83],"product_tag":[],"class_list":{"0":"post-9309","1":"product","2":"type-product","3":"status-publish","4":"has-post-thumbnail","6":"product_cat-concepcion-seidel-ohg","7":"product_cat-kirchenbuecher","8":"product_shipping_class-buecher-bis-2kg","10":"first","11":"instock","12":"shipping-taxable","13":"purchasable","14":"product-type-simple"},"acf":[],"_links":{"self":[{"href":"https:\/\/concepcion.de\/index.php\/wp-json\/wp\/v2\/product\/9309","targetHints":{"allow":["GET"]}}],"collection":[{"href":"https:\/\/concepcion.de\/index.php\/wp-json\/wp\/v2\/product"}],"about":[{"href":"https:\/\/concepcion.de\/index.php\/wp-json\/wp\/v2\/types\/product"}],"wp:featuredmedia":[{"embeddable":true,"href":"https:\/\/concepcion.de\/index.php\/wp-json\/wp\/v2\/media\/6447"}],"wp:attachment":[{"href":"https:\/\/concepcion.de\/index.php\/wp-json\/wp\/v2\/media?parent=9309"}],"wp:term":[{"taxonomy":"product_brand","embeddable":true,"href":"https:\/\/concepcion.de\/index.php\/wp-json\/wp\/v2\/product_brand?post=9309"},{"taxonomy":"product_cat","embeddable":true,"href":"https:\/\/concepcion.de\/index.php\/wp-json\/wp\/v2\/product_cat?post=9309"},{"taxonomy":"product_tag","embeddable":true,"href":"https:\/\/concepcion.de\/index.php\/wp-json\/wp\/v2\/product_tag?post=9309"}],"curies":[{"name":"wp","href":"https:\/\/api.w.org\/{rel}","templated":true}]}}