{"id":9294,"date":"2025-02-08T19:38:29","date_gmt":"2025-02-08T19:38:29","guid":{"rendered":"https:\/\/concepcion.de\/?post_type=product&#038;p=9294"},"modified":"2025-03-24T15:37:31","modified_gmt":"2025-03-24T15:37:31","slug":"vogtland-mosaik","status":"publish","type":"product","link":"https:\/\/concepcion.de\/index.php\/produkt\/vogtland-mosaik\/","title":{"rendered":"Vogtland Mosaik"},"content":{"rendered":"<p>Volkskundliche und kulturgeschichtliche Streiflichter Ein ganzes Arbeitsleben lang hat der Diplom-Ethnologe Horst Fr\u00f6hlich, bis 1998 Mitarbeiter des Vogtlandmuseums Plauen, zu verschiedensten Themen der vogtl\u00e4ndischen Volkskunde in den unterschiedlichsten Medien publiziert. Vielen Interessierten sind seine fundierten Artikel noch in guter Erinnerung. Diese, oft in der schnellebigen Tagespresse erschienenen Aufs\u00e4tze zu sammeln und einem breiten Leserkreis zur Verf\u00fcgung zu stellen, ist das Anliegen der Brosch\u00fcre \u201eVogtland-Mosaik\u201c .<\/p>\n","protected":false},"excerpt":{"rendered":"<p>Volkskundliche und kulturgeschichtliche Streiflichter Ein ganzes Arbeitsleben lang hat der Diplom-Ethnologe Horst Fr\u00f6hlich, bis 1998 Mitarbeiter des Vogtlandmuseums Plauen, zu verschiedensten Themen der vogtl\u00e4ndischen Volkskunde in den unterschiedlichsten Medien publiziert. Vielen Interessierten sind seine fundierten Artikel noch in guter Erinnerung. Diese, oft in der schnellebigen Tagespresse erschienenen Aufs\u00e4tze zu sammeln und einem breiten Leserkreis zur Verf\u00fcgung zu stellen, ist das Anliegen der Brosch\u00fcre \u201eVogtland-Mosaik\u201c .<\/p>\n","protected":false},"featured_media":6434,"template":"","meta":[],"product_brand":[],"product_cat":[15,24],"product_tag":[],"class_list":{"0":"post-9294","1":"product","2":"type-product","3":"status-publish","4":"has-post-thumbnail","6":"product_cat-concepcion-seidel-ohg","7":"product_cat-vogtlandverlag","8":"product_shipping_class-buecher-bis-2kg","10":"first","11":"instock","12":"shipping-taxable","13":"purchasable","14":"product-type-simple"},"acf":[],"_links":{"self":[{"href":"https:\/\/concepcion.de\/index.php\/wp-json\/wp\/v2\/product\/9294","targetHints":{"allow":["GET"]}}],"collection":[{"href":"https:\/\/concepcion.de\/index.php\/wp-json\/wp\/v2\/product"}],"about":[{"href":"https:\/\/concepcion.de\/index.php\/wp-json\/wp\/v2\/types\/product"}],"wp:featuredmedia":[{"embeddable":true,"href":"https:\/\/concepcion.de\/index.php\/wp-json\/wp\/v2\/media\/6434"}],"wp:attachment":[{"href":"https:\/\/concepcion.de\/index.php\/wp-json\/wp\/v2\/media?parent=9294"}],"wp:term":[{"taxonomy":"product_brand","embeddable":true,"href":"https:\/\/concepcion.de\/index.php\/wp-json\/wp\/v2\/product_brand?post=9294"},{"taxonomy":"product_cat","embeddable":true,"href":"https:\/\/concepcion.de\/index.php\/wp-json\/wp\/v2\/product_cat?post=9294"},{"taxonomy":"product_tag","embeddable":true,"href":"https:\/\/concepcion.de\/index.php\/wp-json\/wp\/v2\/product_tag?post=9294"}],"curies":[{"name":"wp","href":"https:\/\/api.w.org\/{rel}","templated":true}]}}