{"id":9289,"date":"2025-02-08T19:38:29","date_gmt":"2025-02-08T19:38:29","guid":{"rendered":"https:\/\/concepcion.de\/?post_type=product&#038;p=9289"},"modified":"2025-03-24T15:33:43","modified_gmt":"2025-03-24T15:33:43","slug":"nachrichten-aus-auerbach","status":"publish","type":"product","link":"https:\/\/concepcion.de\/index.php\/produkt\/nachrichten-aus-auerbach\/","title":{"rendered":"Nachrichten aus Auerbach"},"content":{"rendered":"<p>anno 1525 bis 1545 In ihrem Buch gibt die Verfasserin den Schriftverkehr des Auerbacher Stadtschreibers Gregor Meusel, der Familie derer von der Planitz und anderer an den Zwickauer Stadtschreiber Stephan Roth wieder. Dabei beleuchtet sie in anschaulicher Weise die politischen, kirchlichen und wirtschaftlichen Zust\u00e4nde dieser Zeit sowie die Lebensumst\u00e4nde der Bev\u00f6lkerung. Zahlreiche Abbildungen und Tafeln erg\u00e4nzen das Werk.<\/p>\n","protected":false},"excerpt":{"rendered":"<p>anno 1525 bis 1545 In ihrem Buch gibt die Verfasserin den Schriftverkehr des Auerbacher Stadtschreibers Gregor Meusel, der Familie derer von der Planitz und anderer an den Zwickauer Stadtschreiber Stephan Roth wieder. Dabei beleuchtet sie in anschaulicher Weise die politischen, kirchlichen und wirtschaftlichen Zust\u00e4nde dieser Zeit sowie die Lebensumst\u00e4nde der Bev\u00f6lkerung. Zahlreiche Abbildungen und Tafeln erg\u00e4nzen das Werk.<\/p>\n","protected":false},"featured_media":6429,"template":"","meta":[],"product_brand":[],"product_cat":[15,24],"product_tag":[],"class_list":{"0":"post-9289","1":"product","2":"type-product","3":"status-publish","4":"has-post-thumbnail","6":"product_cat-concepcion-seidel-ohg","7":"product_cat-vogtlandverlag","8":"product_shipping_class-buecher-bis-2kg","10":"first","11":"instock","12":"shipping-taxable","13":"purchasable","14":"product-type-simple"},"acf":[],"_links":{"self":[{"href":"https:\/\/concepcion.de\/index.php\/wp-json\/wp\/v2\/product\/9289","targetHints":{"allow":["GET"]}}],"collection":[{"href":"https:\/\/concepcion.de\/index.php\/wp-json\/wp\/v2\/product"}],"about":[{"href":"https:\/\/concepcion.de\/index.php\/wp-json\/wp\/v2\/types\/product"}],"wp:featuredmedia":[{"embeddable":true,"href":"https:\/\/concepcion.de\/index.php\/wp-json\/wp\/v2\/media\/6429"}],"wp:attachment":[{"href":"https:\/\/concepcion.de\/index.php\/wp-json\/wp\/v2\/media?parent=9289"}],"wp:term":[{"taxonomy":"product_brand","embeddable":true,"href":"https:\/\/concepcion.de\/index.php\/wp-json\/wp\/v2\/product_brand?post=9289"},{"taxonomy":"product_cat","embeddable":true,"href":"https:\/\/concepcion.de\/index.php\/wp-json\/wp\/v2\/product_cat?post=9289"},{"taxonomy":"product_tag","embeddable":true,"href":"https:\/\/concepcion.de\/index.php\/wp-json\/wp\/v2\/product_tag?post=9289"}],"curies":[{"name":"wp","href":"https:\/\/api.w.org\/{rel}","templated":true}]}}