{"id":9284,"date":"2025-02-08T19:38:29","date_gmt":"2025-02-08T19:38:29","guid":{"rendered":"https:\/\/concepcion.de\/?post_type=product&#038;p=9284"},"modified":"2025-03-24T15:16:07","modified_gmt":"2025-03-24T15:16:07","slug":"das-privilegierte-saechsische-messingwerk-niederauerbach-i-vogtland","status":"publish","type":"product","link":"https:\/\/concepcion.de\/index.php\/produkt\/das-privilegierte-saechsische-messingwerk-niederauerbach-i-vogtland\/","title":{"rendered":"Das privilegierte s\u00e4chsische Messingwerk Niederauerbach i. Vogtland"},"content":{"rendered":"<p>Die Geschichte eines bedeutenden H\u00fcttenwerkes von 1593 bis 1926 F\u00fcnf Jahrzehnte mit Unterbrechungen hat der Autor, emeritierter Professor f\u00fcr Geschichte, an diesem Buch gearbeitet. Es zeigt in einzigartiger Weise die Entwicklung eines H\u00fcttenwerkes im Laufe von fast vier Jahrhunderten. Die vorliegende Arbeit steht beispielhaft sowohl f\u00fcr die Technik- als auch die Wirtschafts\u00adgeschichte im mitteldeutschen Raum. Das Leben der Menschen, ihre Arbeit, ihre Sorgen und N\u00f6te werden ebenso geschildert wie die politischen Machtverh\u00e4ltnisse und ihre Auswirkungen auf die Entwicklung der Industrie am Beispiel eines privilegierten Messingwerkes im Vogtland. Es kann mit Fug und Recht als geschichtliche Fundgrube gelten, die das Interesse von Fachleuten und interessierten Laien verdient.<\/p>\n","protected":false},"excerpt":{"rendered":"<p>Die Geschichte eines bedeutenden H\u00fcttenwerkes von 1593 bis 1926 F\u00fcnf Jahrzehnte mit Unterbrechungen hat der Autor, emeritierter Professor f\u00fcr Geschichte, an diesem Buch gearbeitet. Es zeigt in einzigartiger Weise die Entwicklung eines H\u00fcttenwerkes im Laufe von fast vier Jahrhunderten. Die vorliegende Arbeit steht beispielhaft sowohl f\u00fcr die Technik- als auch die Wirtschafts\u00adgeschichte im mitteldeutschen Raum. Das Leben der Menschen, ihre Arbeit, ihre Sorgen und N\u00f6te werden ebenso geschildert wie die politischen Machtverh\u00e4ltnisse und ihre Auswirkungen auf die Entwicklung der Industrie am Beispiel eines privilegierten Messingwerkes im Vogtland. Es kann mit Fug und Recht als geschichtliche Fundgrube gelten, die das Interesse von Fachleuten und interessierten Laien verdient.<\/p>\n","protected":false},"featured_media":6425,"template":"","meta":[],"product_brand":[],"product_cat":[15,24],"product_tag":[],"class_list":{"0":"post-9284","1":"product","2":"type-product","3":"status-publish","4":"has-post-thumbnail","6":"product_cat-concepcion-seidel-ohg","7":"product_cat-vogtlandverlag","8":"product_shipping_class-buecher-bis-2kg","10":"first","11":"instock","12":"shipping-taxable","13":"purchasable","14":"product-type-simple"},"acf":[],"_links":{"self":[{"href":"https:\/\/concepcion.de\/index.php\/wp-json\/wp\/v2\/product\/9284","targetHints":{"allow":["GET"]}}],"collection":[{"href":"https:\/\/concepcion.de\/index.php\/wp-json\/wp\/v2\/product"}],"about":[{"href":"https:\/\/concepcion.de\/index.php\/wp-json\/wp\/v2\/types\/product"}],"wp:featuredmedia":[{"embeddable":true,"href":"https:\/\/concepcion.de\/index.php\/wp-json\/wp\/v2\/media\/6425"}],"wp:attachment":[{"href":"https:\/\/concepcion.de\/index.php\/wp-json\/wp\/v2\/media?parent=9284"}],"wp:term":[{"taxonomy":"product_brand","embeddable":true,"href":"https:\/\/concepcion.de\/index.php\/wp-json\/wp\/v2\/product_brand?post=9284"},{"taxonomy":"product_cat","embeddable":true,"href":"https:\/\/concepcion.de\/index.php\/wp-json\/wp\/v2\/product_cat?post=9284"},{"taxonomy":"product_tag","embeddable":true,"href":"https:\/\/concepcion.de\/index.php\/wp-json\/wp\/v2\/product_tag?post=9284"}],"curies":[{"name":"wp","href":"https:\/\/api.w.org\/{rel}","templated":true}]}}