{"id":9275,"date":"2025-02-08T19:38:19","date_gmt":"2025-02-08T19:38:19","guid":{"rendered":"https:\/\/concepcion.de\/?post_type=product&#038;p=9275"},"modified":"2025-03-24T16:17:53","modified_gmt":"2025-03-24T16:17:53","slug":"was-sagt-jesus-dazu","status":"publish","type":"product","link":"https:\/\/concepcion.de\/index.php\/produkt\/was-sagt-jesus-dazu\/","title":{"rendered":"Was sagt Jesus dazu?"},"content":{"rendered":"<p>In 13 ausformulierten Stundenentw\u00fcrfen f\u00fcr 10- bis 13-J\u00e4hrige werden zentrale Aussagen Jesu unter die Lupe genommen. Dabei gibt es Erstaunliches zu entdecken \u2026<br \/>\nAbwechslungsreiche Themeneinstiege, tiefgehende Bibelarbeiten, Anregungen f\u00fcr das gemeinsame Gebet, Spielideen und Kreativarbeiten, die das Thema aufgreifen sowie fesselnde Kurzgeschichten sorgen daf\u00fcr, dass jeder seinen Zugang zum Thema finden kann.<\/p>\n<p><em>Praxiserprobt und erfrischend!<\/em><\/p>\n","protected":false},"excerpt":{"rendered":"<p>In 13 ausformulierten Stundenentw\u00fcrfen f\u00fcr 10- bis 13-J\u00e4hrige werden zentrale Aussagen Jesu unter die Lupe genommen. Dabei gibt es Erstaunliches zu entdecken \u2026 Abwechslungsreiche Themeneinstiege, tiefgehende Bibelarbeiten, Anregungen f\u00fcr das gemeinsame Gebet, Spielideen und Kreativarbeiten, die das Thema aufgreifen sowie fesselnde Kurzgeschichten sorgen daf\u00fcr, dass jeder seinen Zugang zum Thema finden kann. Praxiserprobt und erfrischend!<\/p>\n","protected":false},"featured_media":6416,"template":"","meta":[],"product_brand":[],"product_cat":[42,15],"product_tag":[],"class_list":{"0":"post-9275","1":"product","2":"type-product","3":"status-publish","4":"has-post-thumbnail","6":"product_cat-allgemeines","7":"product_cat-concepcion-seidel-ohg","8":"product_shipping_class-buecher-bis-2kg","10":"first","11":"instock","12":"shipping-taxable","13":"purchasable","14":"product-type-simple"},"acf":[],"_links":{"self":[{"href":"https:\/\/concepcion.de\/index.php\/wp-json\/wp\/v2\/product\/9275","targetHints":{"allow":["GET"]}}],"collection":[{"href":"https:\/\/concepcion.de\/index.php\/wp-json\/wp\/v2\/product"}],"about":[{"href":"https:\/\/concepcion.de\/index.php\/wp-json\/wp\/v2\/types\/product"}],"wp:featuredmedia":[{"embeddable":true,"href":"https:\/\/concepcion.de\/index.php\/wp-json\/wp\/v2\/media\/6416"}],"wp:attachment":[{"href":"https:\/\/concepcion.de\/index.php\/wp-json\/wp\/v2\/media?parent=9275"}],"wp:term":[{"taxonomy":"product_brand","embeddable":true,"href":"https:\/\/concepcion.de\/index.php\/wp-json\/wp\/v2\/product_brand?post=9275"},{"taxonomy":"product_cat","embeddable":true,"href":"https:\/\/concepcion.de\/index.php\/wp-json\/wp\/v2\/product_cat?post=9275"},{"taxonomy":"product_tag","embeddable":true,"href":"https:\/\/concepcion.de\/index.php\/wp-json\/wp\/v2\/product_tag?post=9275"}],"curies":[{"name":"wp","href":"https:\/\/api.w.org\/{rel}","templated":true}]}}