{"id":9273,"date":"2025-02-08T19:38:19","date_gmt":"2025-02-08T19:38:19","guid":{"rendered":"https:\/\/concepcion.de\/?post_type=product&#038;p=9273"},"modified":"2025-03-24T16:15:58","modified_gmt":"2025-03-24T16:15:58","slug":"wendekreise","status":"publish","type":"product","link":"https:\/\/concepcion.de\/index.php\/produkt\/wendekreise\/","title":{"rendered":"Wendekreise"},"content":{"rendered":"<p>Auf der \u00cele de France (heute Mauritius), am Wendekreis des Steinbocks, endet im Jahr 1773 die abenteuerliche Fahrt und auch das Leben des Philipp de Ribernay, der als Naturforscher die Weltumsegelung Bougainvilles begleitet hatte. Bei seinen Forschungen auf der Insel erwirbt er einen riesigen Landbesitz und findet eine Hinterlassenschaft der Piraten, f\u00fcr die die Insel lange ein Unterschlupf war. Auf abenteuerlichen Wegen gelangt sp\u00e4ter sein Erbe nach Europa. Mehr als 200 Jahre sp\u00e4ter erbt der deutsche Arzt Dr. Frank Driberna nach der Wende unverhofft ein Gutshaus in Brandenburg und damit den Nachlass de Ribernays. Gleichzeitig werden vor Mauritius riesige Bodensch\u00e4tze vermutet, die zu Begehrlichkeiten gro\u00dfer Interessengruppen f\u00fchren und Dr. Driberna, nun Eigent\u00fcmer der Besitzurkunde seines Vorfahren, in einen Strudel abenteuerlicher Geschehnisse rei\u00dfen.<\/p>\n<p>Georg-Michael Fleischer, Prof. Dr. med., ist Professor f\u00fcr Chirurgie, ehemaliger Chefarzt und hat in seiner aktiven Arbeitszeit zahlreiche medizinische, wissenschaftliche Arbeiten und B\u00fccher publiziert. Seit seiner Pensionierung arbeitet er auf dem Gebiet der Medizin- und Marinegeschichte. Bisher von ihm erschienen: \u201eRitter auf dem Meer \u2013 Seemacht und Seewesen zur Zeit der Kreuzz\u00fcge\u201c und \u201eIm Dienst f\u00fcr die Kranken \u2013 das Plauener Krankenhaus im Spiegel der Medizingeschichte\u201c.<\/p>\n","protected":false},"excerpt":{"rendered":"<p>Auf der \u00cele de France (heute Mauritius), am Wendekreis des Steinbocks, endet im Jahr 1773 die abenteuerliche Fahrt und auch das Leben des Philipp de Ribernay, der als Naturforscher die Weltumsegelung Bougainvilles begleitet hatte. Bei seinen Forschungen auf der Insel erwirbt er einen riesigen Landbesitz und findet eine Hinterlassenschaft der Piraten, f\u00fcr die die Insel lange ein Unterschlupf war. Auf abenteuerlichen Wegen gelangt sp\u00e4ter sein Erbe nach Europa. Mehr als 200 Jahre sp\u00e4ter erbt der deutsche Arzt Dr. Frank Driberna nach der Wende unverhofft ein Gutshaus in Brandenburg und damit den Nachlass de Ribernays. Gleichzeitig werden vor Mauritius riesige Bodensch\u00e4tze vermutet, die zu Begehrlichkeiten gro\u00dfer Interessengruppen f\u00fchren und Dr. Driberna, nun Eigent\u00fcmer der Besitzurkunde seines Vorfahren, in einen Strudel abenteuerlicher Geschehnisse rei\u00dfen. Georg-Michael Fleischer, Prof. Dr. med., ist Professor f\u00fcr Chirurgie, ehemaliger Chefarzt und hat in seiner aktiven Arbeitszeit zahlreiche medizinische, wissenschaftliche Arbeiten und B\u00fccher publiziert. Seit seiner Pensionierung arbeitet er auf dem Gebiet der Medizin- und Marinegeschichte. Bisher von ihm erschienen: \u201eRitter auf dem Meer \u2013 Seemacht und Seewesen zur Zeit der Kreuzz\u00fcge\u201c und \u201eIm Dienst f\u00fcr die Kranken \u2013 das Plauener Krankenhaus im Spiegel der Medizingeschichte\u201c.<\/p>\n","protected":false},"featured_media":6414,"template":"","meta":[],"product_brand":[],"product_cat":[42,15],"product_tag":[],"class_list":{"0":"post-9273","1":"product","2":"type-product","3":"status-publish","4":"has-post-thumbnail","6":"product_cat-allgemeines","7":"product_cat-concepcion-seidel-ohg","8":"product_shipping_class-buecher-bis-2kg","10":"first","11":"instock","12":"shipping-taxable","13":"purchasable","14":"product-type-simple"},"acf":[],"_links":{"self":[{"href":"https:\/\/concepcion.de\/index.php\/wp-json\/wp\/v2\/product\/9273","targetHints":{"allow":["GET"]}}],"collection":[{"href":"https:\/\/concepcion.de\/index.php\/wp-json\/wp\/v2\/product"}],"about":[{"href":"https:\/\/concepcion.de\/index.php\/wp-json\/wp\/v2\/types\/product"}],"wp:featuredmedia":[{"embeddable":true,"href":"https:\/\/concepcion.de\/index.php\/wp-json\/wp\/v2\/media\/6414"}],"wp:attachment":[{"href":"https:\/\/concepcion.de\/index.php\/wp-json\/wp\/v2\/media?parent=9273"}],"wp:term":[{"taxonomy":"product_brand","embeddable":true,"href":"https:\/\/concepcion.de\/index.php\/wp-json\/wp\/v2\/product_brand?post=9273"},{"taxonomy":"product_cat","embeddable":true,"href":"https:\/\/concepcion.de\/index.php\/wp-json\/wp\/v2\/product_cat?post=9273"},{"taxonomy":"product_tag","embeddable":true,"href":"https:\/\/concepcion.de\/index.php\/wp-json\/wp\/v2\/product_tag?post=9273"}],"curies":[{"name":"wp","href":"https:\/\/api.w.org\/{rel}","templated":true}]}}