{"id":9266,"date":"2025-02-08T19:38:19","date_gmt":"2025-02-08T19:38:19","guid":{"rendered":"https:\/\/concepcion.de\/?post_type=product&#038;p=9266"},"modified":"2025-03-24T16:11:20","modified_gmt":"2025-03-24T16:11:20","slug":"gott-ist-bd-i","status":"publish","type":"product","link":"https:\/\/concepcion.de\/index.php\/produkt\/gott-ist-bd-i\/","title":{"rendered":"Gott ist &#8230; Bd. I"},"content":{"rendered":"<p>Gott ist allm\u00e4chtig und behutsam. Er ist weise und g\u00fctig, zuverl\u00e4ssig und hilfsbereit, gro\u00dfz\u00fcgig und treu. Er ist ehrfurchtgebietend und z\u00e4rtlich. Er ist &#8230; In insgesamt 26 ausformulierten Stundenentw\u00fcrfen (Bd. 1 und Bd. 2) geht es darum, Gott, wie Er sich uns in der Bibel vorstellt, besser kennenzulernen.<\/p>\n<p>&#8211; Neugierig machende Themeneinstiege,<br \/>\n&#8211; ausgearbeitete Bibelarbeiten und Erz\u00e4hlvorschl\u00e4ge biblischer Geschichten,<br \/>\n&#8211; herausfordernde Fragen, die zum Nachdenken anregen,<br \/>\n&#8211; gemeinsame Gebete<br \/>\n&#8211; spannende, vertiefende Kurzgeschichten \u2013 da h\u00f6ren alle zu,<br \/>\n&#8211; abwechslungsreiche Spielideen, die das Thema aufgreifen<br \/>\n&#8211; sowie eine fortlaufende Kreativarbeit<\/p>\n<p>regen zum Staunen an \u00fcber unseren wunderbaren Gott und ermutigen dazu, Ihm zu vertrauen.<\/p>\n<p><em>Praxiserprobt f\u00fcr 9- bis 13-J\u00e4hrige!<\/em><\/p>\n<p>Hinweis:<br \/>\nDie vorliegenden Entw\u00fcrfe f\u00fcllen je ca. 1 \u00bd Stunden.<br \/>\nDurch ihren baukastenartigen Aufbau lassen sie sich aber auch k\u00fcrzen oder auf zwei Mal aufteilen.<\/p>\n","protected":false},"excerpt":{"rendered":"<p>Gott ist allm\u00e4chtig und behutsam. Er ist weise und g\u00fctig, zuverl\u00e4ssig und hilfsbereit, gro\u00dfz\u00fcgig und treu. Er ist ehrfurchtgebietend und z\u00e4rtlich. Er ist &#8230; In insgesamt 26 ausformulierten Stundenentw\u00fcrfen (Bd. 1 und Bd. 2) geht es darum, Gott, wie Er sich uns in der Bibel vorstellt, besser kennenzulernen. &#8211; Neugierig machende Themeneinstiege, &#8211; ausgearbeitete Bibelarbeiten und Erz\u00e4hlvorschl\u00e4ge biblischer Geschichten, &#8211; herausfordernde Fragen, die zum Nachdenken anregen, &#8211; gemeinsame Gebete &#8211; spannende, vertiefende Kurzgeschichten \u2013 da h\u00f6ren alle zu, &#8211; abwechslungsreiche Spielideen, die das Thema aufgreifen &#8211; sowie eine fortlaufende Kreativarbeit regen zum Staunen an \u00fcber unseren wunderbaren Gott und ermutigen dazu, Ihm zu vertrauen. Praxiserprobt f\u00fcr 9- bis 13-J\u00e4hrige! Hinweis: Die vorliegenden Entw\u00fcrfe f\u00fcllen je ca. 1 \u00bd Stunden. Durch ihren baukastenartigen Aufbau lassen sie sich aber auch k\u00fcrzen oder auf zwei Mal aufteilen.<\/p>\n","protected":false},"featured_media":6407,"template":"","meta":[],"product_brand":[],"product_cat":[42,15],"product_tag":[],"class_list":{"0":"post-9266","1":"product","2":"type-product","3":"status-publish","4":"has-post-thumbnail","6":"product_cat-allgemeines","7":"product_cat-concepcion-seidel-ohg","8":"product_shipping_class-buecher-bis-2kg","10":"first","11":"instock","12":"shipping-taxable","13":"purchasable","14":"product-type-simple"},"acf":[],"_links":{"self":[{"href":"https:\/\/concepcion.de\/index.php\/wp-json\/wp\/v2\/product\/9266","targetHints":{"allow":["GET"]}}],"collection":[{"href":"https:\/\/concepcion.de\/index.php\/wp-json\/wp\/v2\/product"}],"about":[{"href":"https:\/\/concepcion.de\/index.php\/wp-json\/wp\/v2\/types\/product"}],"wp:featuredmedia":[{"embeddable":true,"href":"https:\/\/concepcion.de\/index.php\/wp-json\/wp\/v2\/media\/6407"}],"wp:attachment":[{"href":"https:\/\/concepcion.de\/index.php\/wp-json\/wp\/v2\/media?parent=9266"}],"wp:term":[{"taxonomy":"product_brand","embeddable":true,"href":"https:\/\/concepcion.de\/index.php\/wp-json\/wp\/v2\/product_brand?post=9266"},{"taxonomy":"product_cat","embeddable":true,"href":"https:\/\/concepcion.de\/index.php\/wp-json\/wp\/v2\/product_cat?post=9266"},{"taxonomy":"product_tag","embeddable":true,"href":"https:\/\/concepcion.de\/index.php\/wp-json\/wp\/v2\/product_tag?post=9266"}],"curies":[{"name":"wp","href":"https:\/\/api.w.org\/{rel}","templated":true}]}}