{"id":9263,"date":"2025-02-08T19:38:19","date_gmt":"2025-02-08T19:38:19","guid":{"rendered":"https:\/\/concepcion.de\/?post_type=product&#038;p=9263"},"modified":"2025-03-24T16:07:31","modified_gmt":"2025-03-24T16:07:31","slug":"lebensspiele","status":"publish","type":"product","link":"https:\/\/concepcion.de\/index.php\/produkt\/lebensspiele\/","title":{"rendered":"Lebensspiele"},"content":{"rendered":"<p>Wir sitzen alle in einem Boot, Das jederzeit sinken kann. Was wissen wir \u00fcber der anderen Not, Und \u00fcber unser Schicksals-Wann?<br \/>\nAutor G\u00fcnter Stanienda, Jahrgang 1931, hat erst im hohen Alter Wohl und Wehe seiner Familie in Erfahrung gebracht, eine Ehrenpflicht, die Korrekturen erlaubt \u2013 um des Wesentlichen der Wahrheit willen. (Stanienda-Stationen siehe auch \u201eDas Muttermal\u201c, Verlag concepcion Seidel OHG, ISBN 978-3-86716-053-7).<\/p>\n<p>Au\u00dferdem hat Stanienda versucht, zwei fast vergessene historische Ereignisse auf der B\u00fchne wiederzubeleben:<br \/>\n&#8211; Die nackte Neugier und das Hlg. Collegium in \u201eVielleicht ja \u2013 vielleicht nein\u201c, eine Renaissance-Oper in Worten und<br \/>\n&#8211; \u201eLubbe lebt\u201c, der Reichstagsbrandstifter als Idol<\/p>\n","protected":false},"excerpt":{"rendered":"<p>Wir sitzen alle in einem Boot, Das jederzeit sinken kann. Was wissen wir \u00fcber der anderen Not, Und \u00fcber unser Schicksals-Wann? Autor G\u00fcnter Stanienda, Jahrgang 1931, hat erst im hohen Alter Wohl und Wehe seiner Familie in Erfahrung gebracht, eine Ehrenpflicht, die Korrekturen erlaubt \u2013 um des Wesentlichen der Wahrheit willen. (Stanienda-Stationen siehe auch \u201eDas Muttermal\u201c, Verlag concepcion Seidel OHG, ISBN 978-3-86716-053-7). Au\u00dferdem hat Stanienda versucht, zwei fast vergessene historische Ereignisse auf der B\u00fchne wiederzubeleben: &#8211; Die nackte Neugier und das Hlg. Collegium in \u201eVielleicht ja \u2013 vielleicht nein\u201c, eine Renaissance-Oper in Worten und &#8211; \u201eLubbe lebt\u201c, der Reichstagsbrandstifter als Idol<\/p>\n","protected":false},"featured_media":6405,"template":"","meta":[],"product_brand":[],"product_cat":[42,15],"product_tag":[],"class_list":{"0":"post-9263","1":"product","2":"type-product","3":"status-publish","4":"has-post-thumbnail","6":"product_cat-allgemeines","7":"product_cat-concepcion-seidel-ohg","8":"product_shipping_class-buecher-bis-2kg","10":"first","11":"instock","12":"shipping-taxable","13":"purchasable","14":"product-type-simple"},"acf":[],"_links":{"self":[{"href":"https:\/\/concepcion.de\/index.php\/wp-json\/wp\/v2\/product\/9263","targetHints":{"allow":["GET"]}}],"collection":[{"href":"https:\/\/concepcion.de\/index.php\/wp-json\/wp\/v2\/product"}],"about":[{"href":"https:\/\/concepcion.de\/index.php\/wp-json\/wp\/v2\/types\/product"}],"wp:featuredmedia":[{"embeddable":true,"href":"https:\/\/concepcion.de\/index.php\/wp-json\/wp\/v2\/media\/6405"}],"wp:attachment":[{"href":"https:\/\/concepcion.de\/index.php\/wp-json\/wp\/v2\/media?parent=9263"}],"wp:term":[{"taxonomy":"product_brand","embeddable":true,"href":"https:\/\/concepcion.de\/index.php\/wp-json\/wp\/v2\/product_brand?post=9263"},{"taxonomy":"product_cat","embeddable":true,"href":"https:\/\/concepcion.de\/index.php\/wp-json\/wp\/v2\/product_cat?post=9263"},{"taxonomy":"product_tag","embeddable":true,"href":"https:\/\/concepcion.de\/index.php\/wp-json\/wp\/v2\/product_tag?post=9263"}],"curies":[{"name":"wp","href":"https:\/\/api.w.org\/{rel}","templated":true}]}}