{"id":9246,"date":"2025-02-08T19:38:08","date_gmt":"2025-02-08T19:38:08","guid":{"rendered":"https:\/\/concepcion.de\/?post_type=product&#038;p=9246"},"modified":"2025-03-24T16:27:37","modified_gmt":"2025-03-24T16:27:37","slug":"leben-wie-ein-profi","status":"publish","type":"product","link":"https:\/\/concepcion.de\/index.php\/produkt\/leben-wie-ein-profi\/","title":{"rendered":"Leben wie ein Profi"},"content":{"rendered":"<p>Ein Motorradunfall mit einer schweren Beinverletzung hat Folgen f\u00fcr die Existenz. Das bekam auch der Herminator, Ski-Olympiasieger Hermann Mayer, zu sp\u00fcren.<br \/>\nDoch anstatt sich in Zweifel und Schuldfragen zu verbei\u00dfen, k\u00e4mpfte er sich eisern bis an die Weltspitze zur\u00fcck \u2013 denn Sportler setzen alles daran, aus einer Niederlage einen Sieg zu machen, statt sich mit Dingen aufzuhalten, die sie ohnehin nicht mehr \u00e4ndern k\u00f6nnen.<br \/>\nDiese Fokussierung ist nur eines der Prinzipien, die Sportwissenschaftlerin Dr. Gudrun Wilhelm Spitzensportlern abgeschaut hat. In sieben lebendig geschriebenen Kapiteln zeigt sie, wie wir Einstellungen von Spitzensportlern f\u00fcr Alltag und Glauben fruchtbar machen k\u00f6nnen.<br \/>\nDr. Gudrun Wilhelm studierte Leistungssport und ist als Seminartrainerin und Coach f\u00fcr Wirtschaftsunternehmen und f\u00fcr Sportorganisationen t\u00e4tig. Ihr Fokus liegt darauf, mit Teilnehmern Strategien und Gedanken zu entwickeln, die auch in Drucksituationen zielgerichtetes und kr\u00e4ftiges Handeln erm\u00f6glichen. Ihr Berufsmotto lautet: \u201eIch bilde K\u00e4mpfer aus.\u201c<\/p>\n","protected":false},"excerpt":{"rendered":"<p>Ein Motorradunfall mit einer schweren Beinverletzung hat Folgen f\u00fcr die Existenz. Das bekam auch der Herminator, Ski-Olympiasieger Hermann Mayer, zu sp\u00fcren. Doch anstatt sich in Zweifel und Schuldfragen zu verbei\u00dfen, k\u00e4mpfte er sich eisern bis an die Weltspitze zur\u00fcck \u2013 denn Sportler setzen alles daran, aus einer Niederlage einen Sieg zu machen, statt sich mit Dingen aufzuhalten, die sie ohnehin nicht mehr \u00e4ndern k\u00f6nnen. Diese Fokussierung ist nur eines der Prinzipien, die Sportwissenschaftlerin Dr. Gudrun Wilhelm Spitzensportlern abgeschaut hat. In sieben lebendig geschriebenen Kapiteln zeigt sie, wie wir Einstellungen von Spitzensportlern f\u00fcr Alltag und Glauben fruchtbar machen k\u00f6nnen. Dr. Gudrun Wilhelm studierte Leistungssport und ist als Seminartrainerin und Coach f\u00fcr Wirtschaftsunternehmen und f\u00fcr Sportorganisationen t\u00e4tig. Ihr Fokus liegt darauf, mit Teilnehmern Strategien und Gedanken zu entwickeln, die auch in Drucksituationen zielgerichtetes und kr\u00e4ftiges Handeln erm\u00f6glichen. Ihr Berufsmotto lautet: \u201eIch bilde K\u00e4mpfer aus.\u201c<\/p>\n","protected":false},"featured_media":6389,"template":"","meta":[],"product_brand":[],"product_cat":[15,25],"product_tag":[],"class_list":{"0":"post-9246","1":"product","2":"type-product","3":"status-publish","4":"has-post-thumbnail","6":"product_cat-concepcion-seidel-ohg","7":"product_cat-individuelles-geschichte-und-gegenwart","8":"product_shipping_class-buecher-bis-2kg","10":"first","11":"instock","12":"shipping-taxable","13":"purchasable","14":"product-type-simple"},"acf":[],"_links":{"self":[{"href":"https:\/\/concepcion.de\/index.php\/wp-json\/wp\/v2\/product\/9246","targetHints":{"allow":["GET"]}}],"collection":[{"href":"https:\/\/concepcion.de\/index.php\/wp-json\/wp\/v2\/product"}],"about":[{"href":"https:\/\/concepcion.de\/index.php\/wp-json\/wp\/v2\/types\/product"}],"wp:featuredmedia":[{"embeddable":true,"href":"https:\/\/concepcion.de\/index.php\/wp-json\/wp\/v2\/media\/6389"}],"wp:attachment":[{"href":"https:\/\/concepcion.de\/index.php\/wp-json\/wp\/v2\/media?parent=9246"}],"wp:term":[{"taxonomy":"product_brand","embeddable":true,"href":"https:\/\/concepcion.de\/index.php\/wp-json\/wp\/v2\/product_brand?post=9246"},{"taxonomy":"product_cat","embeddable":true,"href":"https:\/\/concepcion.de\/index.php\/wp-json\/wp\/v2\/product_cat?post=9246"},{"taxonomy":"product_tag","embeddable":true,"href":"https:\/\/concepcion.de\/index.php\/wp-json\/wp\/v2\/product_tag?post=9246"}],"curies":[{"name":"wp","href":"https:\/\/api.w.org\/{rel}","templated":true}]}}