{"id":9242,"date":"2025-02-08T19:38:08","date_gmt":"2025-02-08T19:38:08","guid":{"rendered":"https:\/\/concepcion.de\/?post_type=product&#038;p=9242"},"modified":"2025-03-24T16:24:15","modified_gmt":"2025-03-24T16:24:15","slug":"wer-aufgibt-verliert","status":"publish","type":"product","link":"https:\/\/concepcion.de\/index.php\/produkt\/wer-aufgibt-verliert\/","title":{"rendered":"Wer aufgibt, verliert?"},"content":{"rendered":"<p>F\u00fcr Julia und ihre Eltern geh\u00f6rt Rinaldo l\u00e4ngst zur Familie. Und er selbst ist sehr, sehr gl\u00fccklich in seinem neuen Zuhause. Doch w\u00e4hrend er ahnungslos einen sch\u00f6nen Karibik-Urlaub mit Sutherlands verbringt, baut sich in Guatemala Stadt eine andere Welle auf. Bedrohlich rollt sie auf ihn zu, und pl\u00f6tzlich ger\u00e4t Julia mitten in die Impact Zone &#8230;<\/p>\n<p><em>Fortsetzung von &#8222;In den Ruinen von Tikal&#8220;<\/em><\/p>\n","protected":false},"excerpt":{"rendered":"<p>F\u00fcr Julia und ihre Eltern geh\u00f6rt Rinaldo l\u00e4ngst zur Familie. Und er selbst ist sehr, sehr gl\u00fccklich in seinem neuen Zuhause. Doch w\u00e4hrend er ahnungslos einen sch\u00f6nen Karibik-Urlaub mit Sutherlands verbringt, baut sich in Guatemala Stadt eine andere Welle auf. Bedrohlich rollt sie auf ihn zu, und pl\u00f6tzlich ger\u00e4t Julia mitten in die Impact Zone &#8230; Fortsetzung von &#8222;In den Ruinen von Tikal&#8220;<\/p>\n","protected":false},"featured_media":6385,"template":"","meta":[],"product_brand":[],"product_cat":[15,21],"product_tag":[],"class_list":{"0":"post-9242","1":"product","2":"type-product","3":"status-publish","4":"has-post-thumbnail","6":"product_cat-concepcion-seidel-ohg","7":"product_cat-kinderundjuegendliteratur","8":"product_shipping_class-buecher-bis-2kg","10":"first","11":"instock","12":"shipping-taxable","13":"purchasable","14":"product-type-simple"},"acf":[],"_links":{"self":[{"href":"https:\/\/concepcion.de\/index.php\/wp-json\/wp\/v2\/product\/9242","targetHints":{"allow":["GET"]}}],"collection":[{"href":"https:\/\/concepcion.de\/index.php\/wp-json\/wp\/v2\/product"}],"about":[{"href":"https:\/\/concepcion.de\/index.php\/wp-json\/wp\/v2\/types\/product"}],"wp:featuredmedia":[{"embeddable":true,"href":"https:\/\/concepcion.de\/index.php\/wp-json\/wp\/v2\/media\/6385"}],"wp:attachment":[{"href":"https:\/\/concepcion.de\/index.php\/wp-json\/wp\/v2\/media?parent=9242"}],"wp:term":[{"taxonomy":"product_brand","embeddable":true,"href":"https:\/\/concepcion.de\/index.php\/wp-json\/wp\/v2\/product_brand?post=9242"},{"taxonomy":"product_cat","embeddable":true,"href":"https:\/\/concepcion.de\/index.php\/wp-json\/wp\/v2\/product_cat?post=9242"},{"taxonomy":"product_tag","embeddable":true,"href":"https:\/\/concepcion.de\/index.php\/wp-json\/wp\/v2\/product_tag?post=9242"}],"curies":[{"name":"wp","href":"https:\/\/api.w.org\/{rel}","templated":true}]}}