{"id":9241,"date":"2025-02-08T19:38:08","date_gmt":"2025-02-08T19:38:08","guid":{"rendered":"https:\/\/concepcion.de\/?post_type=product&#038;p=9241"},"modified":"2025-03-24T16:23:39","modified_gmt":"2025-03-24T16:23:39","slug":"kein-wunder-zu-wenig","status":"publish","type":"product","link":"https:\/\/concepcion.de\/index.php\/produkt\/kein-wunder-zu-wenig\/","title":{"rendered":"(K)ein Wunder zu wenig"},"content":{"rendered":"<p>Zwischen Julia und Rinaldo haben sich die Dinge in letzter Minute gekl\u00e4rt. Was man von Laura und Max nicht gerade behaupten kann. Und ausgerechnet, als sie sich von ihm verabschieden will, kommt eine fette Spinne dazwischen! Diese Viecher versetzen Laura seit jeher in Panik. Doch ihre gr\u00f6\u00dfte Mutprobe hat keine acht Beine. Da n\u00fctzt es auch nichts, dass sie und Max Unterst\u00fctzung von Stefan bekommen. Der muss sich zum Gl\u00fcck \u00fcber M\u00e4dchen nicht den Kopf zerbrechen. Er hat auch so genug andere Probleme. Denn im Gegensatz zu einer sch\u00f6nen Mathe-Gleichung geht f\u00fcr Stefan im Leben nicht alles auf.<\/p>\n<p><em>Fortsetzung von &#8222;Wer aufgibt, verliert?&#8220;<\/em><\/p>\n<p>Aus dieser Reihe bereits erschienen:<br \/>\n\u2022 Ein Lied f\u00fcr Amelie<br \/>\n\u2022 Kevins Medaillon<br \/>\n\u2022 In den Ruinen von Tikal<br \/>\n\u2022 Wer aufgibt, verliert?<\/p>\n","protected":false},"excerpt":{"rendered":"<p>Zwischen Julia und Rinaldo haben sich die Dinge in letzter Minute gekl\u00e4rt. Was man von Laura und Max nicht gerade behaupten kann. Und ausgerechnet, als sie sich von ihm verabschieden will, kommt eine fette Spinne dazwischen! Diese Viecher versetzen Laura seit jeher in Panik. Doch ihre gr\u00f6\u00dfte Mutprobe hat keine acht Beine. Da n\u00fctzt es auch nichts, dass sie und Max Unterst\u00fctzung von Stefan bekommen. Der muss sich zum Gl\u00fcck \u00fcber M\u00e4dchen nicht den Kopf zerbrechen. Er hat auch so genug andere Probleme. Denn im Gegensatz zu einer sch\u00f6nen Mathe-Gleichung geht f\u00fcr Stefan im Leben nicht alles auf. Fortsetzung von &#8222;Wer aufgibt, verliert?&#8220; Aus dieser Reihe bereits erschienen: \u2022 Ein Lied f\u00fcr Amelie \u2022 Kevins Medaillon \u2022 In den Ruinen von Tikal \u2022 Wer aufgibt, verliert?<\/p>\n","protected":false},"featured_media":6384,"template":"","meta":[],"product_brand":[],"product_cat":[15,21],"product_tag":[],"class_list":{"0":"post-9241","1":"product","2":"type-product","3":"status-publish","4":"has-post-thumbnail","6":"product_cat-concepcion-seidel-ohg","7":"product_cat-kinderundjuegendliteratur","8":"product_shipping_class-buecher-bis-2kg","10":"first","11":"instock","12":"shipping-taxable","13":"purchasable","14":"product-type-simple"},"acf":[],"_links":{"self":[{"href":"https:\/\/concepcion.de\/index.php\/wp-json\/wp\/v2\/product\/9241","targetHints":{"allow":["GET"]}}],"collection":[{"href":"https:\/\/concepcion.de\/index.php\/wp-json\/wp\/v2\/product"}],"about":[{"href":"https:\/\/concepcion.de\/index.php\/wp-json\/wp\/v2\/types\/product"}],"wp:featuredmedia":[{"embeddable":true,"href":"https:\/\/concepcion.de\/index.php\/wp-json\/wp\/v2\/media\/6384"}],"wp:attachment":[{"href":"https:\/\/concepcion.de\/index.php\/wp-json\/wp\/v2\/media?parent=9241"}],"wp:term":[{"taxonomy":"product_brand","embeddable":true,"href":"https:\/\/concepcion.de\/index.php\/wp-json\/wp\/v2\/product_brand?post=9241"},{"taxonomy":"product_cat","embeddable":true,"href":"https:\/\/concepcion.de\/index.php\/wp-json\/wp\/v2\/product_cat?post=9241"},{"taxonomy":"product_tag","embeddable":true,"href":"https:\/\/concepcion.de\/index.php\/wp-json\/wp\/v2\/product_tag?post=9241"}],"curies":[{"name":"wp","href":"https:\/\/api.w.org\/{rel}","templated":true}]}}