{"id":9236,"date":"2025-02-08T19:38:07","date_gmt":"2025-02-08T19:38:07","guid":{"rendered":"https:\/\/concepcion.de\/?post_type=product&#038;p=9236"},"modified":"2025-03-24T16:30:59","modified_gmt":"2025-03-24T16:30:59","slug":"unter-der-laterne","status":"publish","type":"product","link":"https:\/\/concepcion.de\/index.php\/produkt\/unter-der-laterne\/","title":{"rendered":"Unter der Laterne"},"content":{"rendered":"<p>Wie weit ist Deutschland von Syrien entfernt? Weit genug, um vor Hass und Gewalt in Sicherheit zu sein? Josua macht sich \u00fcber solche Dinge keine Gedanken. Solange er mit Soraya zusammen sein kann, ist seine Welt in Ordnung. Doch das B\u00f6se hat viele Gesichter und auch der Nahe Osten ist n\u00e4her als sie ahnen &#8230;<\/p>\n<p><em>Fortsetzung von &#8222;(K)ein Wunder zu wenig&#8220;<\/em><\/p>\n","protected":false},"excerpt":{"rendered":"<p>Wie weit ist Deutschland von Syrien entfernt? Weit genug, um vor Hass und Gewalt in Sicherheit zu sein? Josua macht sich \u00fcber solche Dinge keine Gedanken. Solange er mit Soraya zusammen sein kann, ist seine Welt in Ordnung. Doch das B\u00f6se hat viele Gesichter und auch der Nahe Osten ist n\u00e4her als sie ahnen &#8230; Fortsetzung von &#8222;(K)ein Wunder zu wenig&#8220;<\/p>\n","protected":false},"featured_media":6379,"template":"","meta":[],"product_brand":[],"product_cat":[15,21],"product_tag":[],"class_list":{"0":"post-9236","1":"product","2":"type-product","3":"status-publish","4":"has-post-thumbnail","6":"product_cat-concepcion-seidel-ohg","7":"product_cat-kinderundjuegendliteratur","8":"product_shipping_class-buecher-bis-2kg","10":"first","11":"instock","12":"shipping-taxable","13":"purchasable","14":"product-type-simple"},"acf":[],"_links":{"self":[{"href":"https:\/\/concepcion.de\/index.php\/wp-json\/wp\/v2\/product\/9236","targetHints":{"allow":["GET"]}}],"collection":[{"href":"https:\/\/concepcion.de\/index.php\/wp-json\/wp\/v2\/product"}],"about":[{"href":"https:\/\/concepcion.de\/index.php\/wp-json\/wp\/v2\/types\/product"}],"wp:featuredmedia":[{"embeddable":true,"href":"https:\/\/concepcion.de\/index.php\/wp-json\/wp\/v2\/media\/6379"}],"wp:attachment":[{"href":"https:\/\/concepcion.de\/index.php\/wp-json\/wp\/v2\/media?parent=9236"}],"wp:term":[{"taxonomy":"product_brand","embeddable":true,"href":"https:\/\/concepcion.de\/index.php\/wp-json\/wp\/v2\/product_brand?post=9236"},{"taxonomy":"product_cat","embeddable":true,"href":"https:\/\/concepcion.de\/index.php\/wp-json\/wp\/v2\/product_cat?post=9236"},{"taxonomy":"product_tag","embeddable":true,"href":"https:\/\/concepcion.de\/index.php\/wp-json\/wp\/v2\/product_tag?post=9236"}],"curies":[{"name":"wp","href":"https:\/\/api.w.org\/{rel}","templated":true}]}}