{"id":9231,"date":"2025-02-08T19:38:07","date_gmt":"2025-02-08T19:38:07","guid":{"rendered":"https:\/\/concepcion.de\/?post_type=product&#038;p=9231"},"modified":"2025-02-11T17:36:04","modified_gmt":"2025-02-11T17:36:04","slug":"groesse-44-45-wintersocke","status":"publish","type":"product","link":"https:\/\/concepcion.de\/index.php\/produkt\/groesse-44-45-wintersocke\/","title":{"rendered":"Gr\u00f6\u00dfe: 44-45 | Wintersocke"},"content":{"rendered":"<p>Gr\u00f6\u00dfe: 44-45 | Wintersocke<\/p>\n","protected":false},"excerpt":{"rendered":"<p>BESTE MERINO-SCHURWOLLE <\/p>\n<p>OEKO-TEX\u00ae STANDARD 100 Zertifizierung nach Pr\u00fcfung auf strenge globale Standards <\/p>\n<p>BESTE NACHGEK\u00c4MMTE QUALIT\u00c4T<\/p>\n<p>WASCHMASCHINENFEST AUSGER\u00dcSTET<\/p>\n<p>EDLES DESIGN<\/p>\n<p>F\u00dcR H\u00d6CHSTEN TRAGEKOMFORT<\/p>\n<p>\u2022 82% WOLLE<\/p>\n<p>\u2022 16% BAUMWOLLE<\/p>\n<p>\u2022 2% ELASTAN<\/p>\n","protected":false},"featured_media":7559,"template":"","meta":[],"product_brand":[],"product_cat":[20],"product_tag":[],"class_list":{"0":"post-9231","1":"product","2":"type-product","3":"status-publish","4":"has-post-thumbnail","6":"product_cat-einherzfuersvogtland","7":"product_shipping_class-buecher-bis-2kg","9":"first","10":"instock","11":"shipping-taxable","12":"purchasable","13":"product-type-simple"},"acf":[],"_links":{"self":[{"href":"https:\/\/concepcion.de\/index.php\/wp-json\/wp\/v2\/product\/9231","targetHints":{"allow":["GET"]}}],"collection":[{"href":"https:\/\/concepcion.de\/index.php\/wp-json\/wp\/v2\/product"}],"about":[{"href":"https:\/\/concepcion.de\/index.php\/wp-json\/wp\/v2\/types\/product"}],"wp:featuredmedia":[{"embeddable":true,"href":"https:\/\/concepcion.de\/index.php\/wp-json\/wp\/v2\/media\/7559"}],"wp:attachment":[{"href":"https:\/\/concepcion.de\/index.php\/wp-json\/wp\/v2\/media?parent=9231"}],"wp:term":[{"taxonomy":"product_brand","embeddable":true,"href":"https:\/\/concepcion.de\/index.php\/wp-json\/wp\/v2\/product_brand?post=9231"},{"taxonomy":"product_cat","embeddable":true,"href":"https:\/\/concepcion.de\/index.php\/wp-json\/wp\/v2\/product_cat?post=9231"},{"taxonomy":"product_tag","embeddable":true,"href":"https:\/\/concepcion.de\/index.php\/wp-json\/wp\/v2\/product_tag?post=9231"}],"curies":[{"name":"wp","href":"https:\/\/api.w.org\/{rel}","templated":true}]}}