{"id":9219,"date":"2025-02-08T19:37:58","date_gmt":"2025-02-08T19:37:58","guid":{"rendered":"https:\/\/concepcion.de\/?post_type=product&#038;p=9219"},"modified":"2025-02-11T17:36:06","modified_gmt":"2025-02-11T17:36:06","slug":"groesse-38-39-sommersocke","status":"publish","type":"product","link":"https:\/\/concepcion.de\/index.php\/produkt\/groesse-38-39-sommersocke\/","title":{"rendered":"Gr\u00f6\u00dfe: 38-39 | Sommersocke"},"content":{"rendered":"<p>Gr\u00f6\u00dfe: 38-39 | Sommersocke<\/p>\n","protected":false},"excerpt":{"rendered":"<p>BESTE MERINO-SCHURWOLLE OEKO-TEX\u00ae STANDARD 100 Zertifizierung<\/p>\n<p>nach Pr\u00fcfung auf strenge globale Standards <\/p>\n<p>BESTE NACHGEK\u00c4MMTE QUALIT\u00c4T<\/p>\n<p>WASCHMASCHINENFEST AUSGER\u00dcSTET<\/p>\n<p>EDLES DESIGN<\/p>\n<p>F\u00dcR H\u00d6CHSTEN TRAGEKOMFORT<\/p>\n<p>\u2022 80% WOLLE<\/p>\n<p>\u2022 18% BAUMWOLLE<\/p>\n<p>\u2022 2% ELASTAN<\/p>\n","protected":false},"featured_media":7525,"template":"","meta":[],"product_brand":[],"product_cat":[20],"product_tag":[],"class_list":{"0":"post-9219","1":"product","2":"type-product","3":"status-publish","4":"has-post-thumbnail","6":"product_cat-einherzfuersvogtland","7":"product_shipping_class-buecher-bis-2kg","9":"first","10":"instock","11":"shipping-taxable","12":"purchasable","13":"product-type-simple"},"acf":[],"_links":{"self":[{"href":"https:\/\/concepcion.de\/index.php\/wp-json\/wp\/v2\/product\/9219","targetHints":{"allow":["GET"]}}],"collection":[{"href":"https:\/\/concepcion.de\/index.php\/wp-json\/wp\/v2\/product"}],"about":[{"href":"https:\/\/concepcion.de\/index.php\/wp-json\/wp\/v2\/types\/product"}],"wp:featuredmedia":[{"embeddable":true,"href":"https:\/\/concepcion.de\/index.php\/wp-json\/wp\/v2\/media\/7525"}],"wp:attachment":[{"href":"https:\/\/concepcion.de\/index.php\/wp-json\/wp\/v2\/media?parent=9219"}],"wp:term":[{"taxonomy":"product_brand","embeddable":true,"href":"https:\/\/concepcion.de\/index.php\/wp-json\/wp\/v2\/product_brand?post=9219"},{"taxonomy":"product_cat","embeddable":true,"href":"https:\/\/concepcion.de\/index.php\/wp-json\/wp\/v2\/product_cat?post=9219"},{"taxonomy":"product_tag","embeddable":true,"href":"https:\/\/concepcion.de\/index.php\/wp-json\/wp\/v2\/product_tag?post=9219"}],"curies":[{"name":"wp","href":"https:\/\/api.w.org\/{rel}","templated":true}]}}