{"id":9217,"date":"2025-02-08T19:37:58","date_gmt":"2025-02-08T19:37:58","guid":{"rendered":"https:\/\/concepcion.de\/?post_type=product&#038;p=9217"},"modified":"2025-03-24T16:36:36","modified_gmt":"2025-03-24T16:36:36","slug":"aku-der-graupapagei","status":"publish","type":"product","link":"https:\/\/concepcion.de\/index.php\/produkt\/aku-der-graupapagei\/","title":{"rendered":"Aku der Graupapagei"},"content":{"rendered":"<p>Aku, der Graupapagei, ist traurig. Alle seine Geschwister k\u00f6nnen tolle Sachen machen, die er nicht kann. Die anderen Tiere versuchen, ihn zu tr\u00f6sten. Als seine Tierfreunde eines Tages in Gefahr kommen, entdeckt Aku, dass er etwas machen kann, das seine Geschwister nicht k\u00f6nnen. Auch er ist von seinem Sch\u00f6pfer auf einzigartige Weise gemacht und geliebt. <\/p>\n<p><em>Eine Geschichte voller Abenteuer und Witz f\u00fcr Kinder ab 4 Jahren<\/em><\/p>\n","protected":false},"excerpt":{"rendered":"<p>Aku, der Graupapagei, ist traurig. Alle seine Geschwister k\u00f6nnen tolle Sachen machen, die er nicht kann. Die anderen Tiere versuchen, ihn zu tr\u00f6sten. Als seine Tierfreunde eines Tages in Gefahr kommen, entdeckt Aku, dass er etwas machen kann, das seine Geschwister nicht k\u00f6nnen. Auch er ist von seinem Sch\u00f6pfer auf einzigartige Weise gemacht und geliebt. Eine Geschichte voller Abenteuer und Witz f\u00fcr Kinder ab 4 Jahren<\/p>\n","protected":false},"featured_media":7466,"template":"","meta":[],"product_brand":[],"product_cat":[15,21],"product_tag":[],"class_list":{"0":"post-9217","1":"product","2":"type-product","3":"status-publish","4":"has-post-thumbnail","6":"product_cat-concepcion-seidel-ohg","7":"product_cat-kinderundjuegendliteratur","8":"product_shipping_class-buecher-bis-2kg","10":"first","11":"instock","12":"shipping-taxable","13":"purchasable","14":"product-type-simple"},"acf":[],"_links":{"self":[{"href":"https:\/\/concepcion.de\/index.php\/wp-json\/wp\/v2\/product\/9217","targetHints":{"allow":["GET"]}}],"collection":[{"href":"https:\/\/concepcion.de\/index.php\/wp-json\/wp\/v2\/product"}],"about":[{"href":"https:\/\/concepcion.de\/index.php\/wp-json\/wp\/v2\/types\/product"}],"wp:featuredmedia":[{"embeddable":true,"href":"https:\/\/concepcion.de\/index.php\/wp-json\/wp\/v2\/media\/7466"}],"wp:attachment":[{"href":"https:\/\/concepcion.de\/index.php\/wp-json\/wp\/v2\/media?parent=9217"}],"wp:term":[{"taxonomy":"product_brand","embeddable":true,"href":"https:\/\/concepcion.de\/index.php\/wp-json\/wp\/v2\/product_brand?post=9217"},{"taxonomy":"product_cat","embeddable":true,"href":"https:\/\/concepcion.de\/index.php\/wp-json\/wp\/v2\/product_cat?post=9217"},{"taxonomy":"product_tag","embeddable":true,"href":"https:\/\/concepcion.de\/index.php\/wp-json\/wp\/v2\/product_tag?post=9217"}],"curies":[{"name":"wp","href":"https:\/\/api.w.org\/{rel}","templated":true}]}}