{"id":9201,"date":"2025-02-08T19:37:57","date_gmt":"2025-02-08T19:37:57","guid":{"rendered":"https:\/\/concepcion.de\/?post_type=product&#038;p=9201"},"modified":"2025-02-11T17:36:55","modified_gmt":"2025-02-11T17:36:55","slug":"einfacher-modellbau-technische-objekte","status":"publish","type":"product","link":"https:\/\/concepcion.de\/index.php\/produkt\/einfacher-modellbau-technische-objekte\/","title":{"rendered":"Einfacher Modellbau | Technische Objekte"},"content":{"rendered":"<p>Einfacher Modellbau | Technische Objekte<\/p>\n","protected":false},"excerpt":{"rendered":"<p>Kinder bauen und konstruieren als elementarer Bestandteil des kindlichen Spiels. Das bew\u00e4hrte Arbeiten mit Bauk\u00e4sten hilft sehr dieses technische Thema kindgerecht aufzubereiten und zu vermitteln.<\/p>\n<p>Feinmotorik, Tast- und Formsinn, technisches Geschick werden hervorragend gef\u00f6rdert. Das Verstehen einer Anleitung und Merkmale einer stabilen Bauweise sind feste Bestandteile der Lehrpl\u00e4ne. Schnell und sicher entstehen Modelle des Alltags, passend zu den Vorgaben. Grundlegende mechanische Zusammenh\u00e4nge werden durch eigenes Erleben begriffen. <\/p>\n<p>Zur Ausstattung geh\u00f6ren verschiedene Platten, Streben, Profile, Winkel, H\u00fclsen, verschiedenste R\u00e4der, Seiltrommel, Kurbel, Sitzschalen, Schrauben und Muttern, Distanzrollen, Stellringe, Achsen und notwendiges passendes Werkzeug. Die neu gestaltete sehr \u00fcbersichtliche farbige Anleitung (A4 Format, 20 Seiten) f\u00fchrt sicher zum Ergebnis.<\/p>\n","protected":false},"featured_media":7424,"template":"","meta":[],"product_brand":[],"product_cat":[19],"product_tag":[],"class_list":{"0":"post-9201","1":"product","2":"type-product","3":"status-publish","4":"has-post-thumbnail","6":"product_cat-lehrmittel","7":"product_shipping_class-buecher-bis-2kg","9":"first","10":"instock","11":"shipping-taxable","12":"purchasable","13":"product-type-simple"},"acf":[],"_links":{"self":[{"href":"https:\/\/concepcion.de\/index.php\/wp-json\/wp\/v2\/product\/9201","targetHints":{"allow":["GET"]}}],"collection":[{"href":"https:\/\/concepcion.de\/index.php\/wp-json\/wp\/v2\/product"}],"about":[{"href":"https:\/\/concepcion.de\/index.php\/wp-json\/wp\/v2\/types\/product"}],"wp:featuredmedia":[{"embeddable":true,"href":"https:\/\/concepcion.de\/index.php\/wp-json\/wp\/v2\/media\/7424"}],"wp:attachment":[{"href":"https:\/\/concepcion.de\/index.php\/wp-json\/wp\/v2\/media?parent=9201"}],"wp:term":[{"taxonomy":"product_brand","embeddable":true,"href":"https:\/\/concepcion.de\/index.php\/wp-json\/wp\/v2\/product_brand?post=9201"},{"taxonomy":"product_cat","embeddable":true,"href":"https:\/\/concepcion.de\/index.php\/wp-json\/wp\/v2\/product_cat?post=9201"},{"taxonomy":"product_tag","embeddable":true,"href":"https:\/\/concepcion.de\/index.php\/wp-json\/wp\/v2\/product_tag?post=9201"}],"curies":[{"name":"wp","href":"https:\/\/api.w.org\/{rel}","templated":true}]}}