{"id":9150,"date":"2025-02-08T19:37:35","date_gmt":"2025-02-08T19:37:35","guid":{"rendered":"https:\/\/concepcion.de\/?post_type=product&#038;p=9150"},"modified":"2025-03-24T16:54:55","modified_gmt":"2025-03-24T16:54:55","slug":"fussspuren-gottes-in-meinem-leben","status":"publish","type":"product","link":"https:\/\/concepcion.de\/index.php\/produkt\/fussspuren-gottes-in-meinem-leben\/","title":{"rendered":"Fu\u00dfspuren Gottes in meinem Leben"},"content":{"rendered":"<p>Was Gott, der Herr, tut, ist herrlich. Es macht Freude, Seine Fu\u00dfspuren im Menschenleben zu entdecken.<\/p>\n<p>Der Verfasser, zurzeit 91 Jahre alt, kann bezeugen, dass der Herr zu Seinem Wort steht. Durch den Propheten Jesaja hat Er uns verhei\u00dfen: \u201eAuch bis in euer Alter bin Ich derselbe, und Ich will euch tragen, bis ihr grau werdet.\u201c (Jes 46,4)<\/p>\n<p>Genau das hat der Herr getan. Und Er tut es immer noch. Wenn unsere eigenen Kr\u00e4fte schwinden, erneuert der Herr unsere Kraft von Tag zu Tag.<br \/>\nWer seine Herzenst\u00fcr aufmacht und Jesus hereinl\u00e4sst und Ihm dann das Steuer \u00fcbertr\u00e4gt, der wird nicht entt\u00e4uscht. Gott \u00e4ndert sich nicht. Er bleibt derselbe gestern, heute und in Ewigkeit.<br \/>\nWer t\u00e4glich Gottes Liebe, F\u00fcrsorge und Gnade erf\u00e4hrt, dem geht es wie Petrus und Johannes: \u201eWir k\u00f6nnen&#8217;s ja nicht lassen, zu reden von dem, was wir gesehen und geh\u00f6rt haben.\u201c (Apg 4,20)<\/p>\n","protected":false},"excerpt":{"rendered":"<p>Was Gott, der Herr, tut, ist herrlich. Es macht Freude, Seine Fu\u00dfspuren im Menschenleben zu entdecken. Der Verfasser, zurzeit 91 Jahre alt, kann bezeugen, dass der Herr zu Seinem Wort steht. Durch den Propheten Jesaja hat Er uns verhei\u00dfen: \u201eAuch bis in euer Alter bin Ich derselbe, und Ich will euch tragen, bis ihr grau werdet.\u201c (Jes 46,4) Genau das hat der Herr getan. Und Er tut es immer noch. Wenn unsere eigenen Kr\u00e4fte schwinden, erneuert der Herr unsere Kraft von Tag zu Tag. Wer seine Herzenst\u00fcr aufmacht und Jesus hereinl\u00e4sst und Ihm dann das Steuer \u00fcbertr\u00e4gt, der wird nicht entt\u00e4uscht. Gott \u00e4ndert sich nicht. Er bleibt derselbe gestern, heute und in Ewigkeit. Wer t\u00e4glich Gottes Liebe, F\u00fcrsorge und Gnade erf\u00e4hrt, dem geht es wie Petrus und Johannes: \u201eWir k\u00f6nnen&#8217;s ja nicht lassen, zu reden von dem, was wir gesehen und geh\u00f6rt haben.\u201c (Apg 4,20)<\/p>\n","protected":false},"featured_media":6286,"template":"","meta":[],"product_brand":[],"product_cat":[42,15],"product_tag":[],"class_list":{"0":"post-9150","1":"product","2":"type-product","3":"status-publish","4":"has-post-thumbnail","6":"product_cat-allgemeines","7":"product_cat-concepcion-seidel-ohg","8":"product_shipping_class-buecher-bis-2kg","10":"first","11":"instock","12":"shipping-taxable","13":"purchasable","14":"product-type-simple"},"acf":[],"_links":{"self":[{"href":"https:\/\/concepcion.de\/index.php\/wp-json\/wp\/v2\/product\/9150","targetHints":{"allow":["GET"]}}],"collection":[{"href":"https:\/\/concepcion.de\/index.php\/wp-json\/wp\/v2\/product"}],"about":[{"href":"https:\/\/concepcion.de\/index.php\/wp-json\/wp\/v2\/types\/product"}],"wp:featuredmedia":[{"embeddable":true,"href":"https:\/\/concepcion.de\/index.php\/wp-json\/wp\/v2\/media\/6286"}],"wp:attachment":[{"href":"https:\/\/concepcion.de\/index.php\/wp-json\/wp\/v2\/media?parent=9150"}],"wp:term":[{"taxonomy":"product_brand","embeddable":true,"href":"https:\/\/concepcion.de\/index.php\/wp-json\/wp\/v2\/product_brand?post=9150"},{"taxonomy":"product_cat","embeddable":true,"href":"https:\/\/concepcion.de\/index.php\/wp-json\/wp\/v2\/product_cat?post=9150"},{"taxonomy":"product_tag","embeddable":true,"href":"https:\/\/concepcion.de\/index.php\/wp-json\/wp\/v2\/product_tag?post=9150"}],"curies":[{"name":"wp","href":"https:\/\/api.w.org\/{rel}","templated":true}]}}