{"id":9060,"date":"2025-02-08T19:37:01","date_gmt":"2025-02-08T19:37:01","guid":{"rendered":"https:\/\/concepcion.de\/?post_type=product&#038;p=9060"},"modified":"2025-03-24T17:05:04","modified_gmt":"2025-03-24T17:05:04","slug":"die-schlafende-koenigstochter","status":"publish","type":"product","link":"https:\/\/concepcion.de\/index.php\/produkt\/die-schlafende-koenigstochter\/","title":{"rendered":"Die schlafende K\u00f6nigstochter"},"content":{"rendered":"<p>In diesem Buch wird mit vielen Bildern und einer sch\u00f6nen Prinzessinnen-Geschichte ein besonderer Aspekt der K\u00f6nigsw\u00fcrde veranschaulicht. Die K\u00f6nigstochter erwacht und beginnt N\u00f6te unter den Menschen ihres Volkes zu sehen und hilft diese lindern.<\/p>\n","protected":false},"excerpt":{"rendered":"<p>In diesem Buch wird mit vielen Bildern und einer sch\u00f6nen Prinzessinnen-Geschichte ein besonderer Aspekt der K\u00f6nigsw\u00fcrde veranschaulicht. Die K\u00f6nigstochter erwacht und beginnt N\u00f6te unter den Menschen ihres Volkes zu sehen und hilft diese lindern.<\/p>\n","protected":false},"featured_media":6361,"template":"","meta":[],"product_brand":[],"product_cat":[15,21],"product_tag":[],"class_list":{"0":"post-9060","1":"product","2":"type-product","3":"status-publish","4":"has-post-thumbnail","6":"product_cat-concepcion-seidel-ohg","7":"product_cat-kinderundjuegendliteratur","8":"product_shipping_class-buecher-bis-2kg","10":"first","11":"instock","12":"shipping-taxable","13":"purchasable","14":"product-type-simple"},"acf":[],"_links":{"self":[{"href":"https:\/\/concepcion.de\/index.php\/wp-json\/wp\/v2\/product\/9060","targetHints":{"allow":["GET"]}}],"collection":[{"href":"https:\/\/concepcion.de\/index.php\/wp-json\/wp\/v2\/product"}],"about":[{"href":"https:\/\/concepcion.de\/index.php\/wp-json\/wp\/v2\/types\/product"}],"wp:featuredmedia":[{"embeddable":true,"href":"https:\/\/concepcion.de\/index.php\/wp-json\/wp\/v2\/media\/6361"}],"wp:attachment":[{"href":"https:\/\/concepcion.de\/index.php\/wp-json\/wp\/v2\/media?parent=9060"}],"wp:term":[{"taxonomy":"product_brand","embeddable":true,"href":"https:\/\/concepcion.de\/index.php\/wp-json\/wp\/v2\/product_brand?post=9060"},{"taxonomy":"product_cat","embeddable":true,"href":"https:\/\/concepcion.de\/index.php\/wp-json\/wp\/v2\/product_cat?post=9060"},{"taxonomy":"product_tag","embeddable":true,"href":"https:\/\/concepcion.de\/index.php\/wp-json\/wp\/v2\/product_tag?post=9060"}],"curies":[{"name":"wp","href":"https:\/\/api.w.org\/{rel}","templated":true}]}}