{"id":9029,"date":"2025-02-08T19:36:50","date_gmt":"2025-02-08T19:36:50","guid":{"rendered":"https:\/\/concepcion.de\/?post_type=product&#038;p=9029"},"modified":"2025-02-11T17:36:41","modified_gmt":"2025-02-11T17:36:41","slug":"faltkarte-aus-norddeutsche-tueren-98795-blaue-tuer-gross","status":"publish","type":"product","link":"https:\/\/concepcion.de\/index.php\/produkt\/faltkarte-aus-norddeutsche-tueren-98795-blaue-tuer-gross\/","title":{"rendered":"Faltkarte aus Norddeutsche T\u00fcren 98795 &#8211; blaue T\u00fcr gro\u00df"},"content":{"rendered":"<p>Faltkarte aus Norddeutsche T\u00fcren 98795 &#8211; blaue T\u00fcr gro\u00df<\/p>\n","protected":false},"excerpt":{"rendered":"<p>Faltkarte aus Norddeutsche T\u00fcren 98795 &#8211; blaue T\u00fcr gro\u00df<\/p>\n","protected":false},"featured_media":7316,"template":"","meta":[],"product_brand":[],"product_cat":[46],"product_tag":[],"class_list":{"0":"post-9029","1":"product","2":"type-product","3":"status-publish","4":"has-post-thumbnail","6":"product_cat-karte","7":"product_shipping_class-buecher-bis-2kg","9":"first","10":"instock","11":"shipping-taxable","12":"purchasable","13":"product-type-simple"},"acf":[],"_links":{"self":[{"href":"https:\/\/concepcion.de\/index.php\/wp-json\/wp\/v2\/product\/9029","targetHints":{"allow":["GET"]}}],"collection":[{"href":"https:\/\/concepcion.de\/index.php\/wp-json\/wp\/v2\/product"}],"about":[{"href":"https:\/\/concepcion.de\/index.php\/wp-json\/wp\/v2\/types\/product"}],"wp:featuredmedia":[{"embeddable":true,"href":"https:\/\/concepcion.de\/index.php\/wp-json\/wp\/v2\/media\/7316"}],"wp:attachment":[{"href":"https:\/\/concepcion.de\/index.php\/wp-json\/wp\/v2\/media?parent=9029"}],"wp:term":[{"taxonomy":"product_brand","embeddable":true,"href":"https:\/\/concepcion.de\/index.php\/wp-json\/wp\/v2\/product_brand?post=9029"},{"taxonomy":"product_cat","embeddable":true,"href":"https:\/\/concepcion.de\/index.php\/wp-json\/wp\/v2\/product_cat?post=9029"},{"taxonomy":"product_tag","embeddable":true,"href":"https:\/\/concepcion.de\/index.php\/wp-json\/wp\/v2\/product_tag?post=9029"}],"curies":[{"name":"wp","href":"https:\/\/api.w.org\/{rel}","templated":true}]}}