{"id":9027,"date":"2025-02-08T19:36:50","date_gmt":"2025-02-08T19:36:50","guid":{"rendered":"https:\/\/concepcion.de\/?post_type=product&#038;p=9027"},"modified":"2025-03-25T10:21:19","modified_gmt":"2025-03-25T10:21:19","slug":"kalkutta-oder-eine-ziege-fuer-kali","status":"publish","type":"product","link":"https:\/\/concepcion.de\/index.php\/produkt\/kalkutta-oder-eine-ziege-fuer-kali\/","title":{"rendered":"Kalkutta oder eine Ziege f\u00fcr Kali"},"content":{"rendered":"<p>Ein Arzt reist nach Kalkutta, um in den Slums zu helfen \u2013 doch seine Mission wird zur Suche nach Sinn, Identit\u00e4t und Wahrheit. In poetischen Bildern und tiefgr\u00fcndigen Reflexionen schildert J. M. P\u00f6nnighaus die Kontraste Indiens: pulsierende Stra\u00dfen, spirituelle Rituale und die H\u00e4rte des Alltags. Ein bewegendes Tagebuch zwischen Medizin, Menschlichkeit und dem ewigen Kreislauf von Zerst\u00f6rung und Neuanfang.<\/p>\n","protected":false},"excerpt":{"rendered":"<p>Ein Arzt reist nach Kalkutta, um in den Slums zu helfen \u2013 doch seine Mission wird zur Suche nach Sinn, Identit\u00e4t und Wahrheit. In poetischen Bildern und tiefgr\u00fcndigen Reflexionen schildert J. M. P\u00f6nnighaus die Kontraste Indiens: pulsierende Stra\u00dfen, spirituelle Rituale und die H\u00e4rte des Alltags. Ein bewegendes Tagebuch zwischen Medizin, Menschlichkeit und dem ewigen Kreislauf von Zerst\u00f6rung und Neuanfang.<\/p>\n","protected":false},"featured_media":6358,"template":"","meta":[],"product_brand":[],"product_cat":[42,15],"product_tag":[],"class_list":{"0":"post-9027","1":"product","2":"type-product","3":"status-publish","4":"has-post-thumbnail","6":"product_cat-allgemeines","7":"product_cat-concepcion-seidel-ohg","8":"product_shipping_class-buecher-bis-2kg","10":"first","11":"instock","12":"shipping-taxable","13":"purchasable","14":"product-type-simple"},"acf":[],"_links":{"self":[{"href":"https:\/\/concepcion.de\/index.php\/wp-json\/wp\/v2\/product\/9027","targetHints":{"allow":["GET"]}}],"collection":[{"href":"https:\/\/concepcion.de\/index.php\/wp-json\/wp\/v2\/product"}],"about":[{"href":"https:\/\/concepcion.de\/index.php\/wp-json\/wp\/v2\/types\/product"}],"wp:featuredmedia":[{"embeddable":true,"href":"https:\/\/concepcion.de\/index.php\/wp-json\/wp\/v2\/media\/6358"}],"wp:attachment":[{"href":"https:\/\/concepcion.de\/index.php\/wp-json\/wp\/v2\/media?parent=9027"}],"wp:term":[{"taxonomy":"product_brand","embeddable":true,"href":"https:\/\/concepcion.de\/index.php\/wp-json\/wp\/v2\/product_brand?post=9027"},{"taxonomy":"product_cat","embeddable":true,"href":"https:\/\/concepcion.de\/index.php\/wp-json\/wp\/v2\/product_cat?post=9027"},{"taxonomy":"product_tag","embeddable":true,"href":"https:\/\/concepcion.de\/index.php\/wp-json\/wp\/v2\/product_tag?post=9027"}],"curies":[{"name":"wp","href":"https:\/\/api.w.org\/{rel}","templated":true}]}}