{"id":9004,"date":"2025-02-08T19:36:40","date_gmt":"2025-02-08T19:36:40","guid":{"rendered":"https:\/\/concepcion.de\/?post_type=product&#038;p=9004"},"modified":"2025-03-25T10:14:09","modified_gmt":"2025-03-25T10:14:09","slug":"als-die-schaetze-laufen-lernten","status":"publish","type":"product","link":"https:\/\/concepcion.de\/index.php\/produkt\/als-die-schaetze-laufen-lernten\/","title":{"rendered":"Als die Sch\u00e4tze laufen lernten"},"content":{"rendered":"<p>Das Dritte Reich ist am Ende. An allen Fronten ist man auf dem R\u00fcckzug. Neben unz\u00e4hligen Museumssch\u00e4tzen, wie dem Bernsteinzimmer, befinden sich die W\u00e4hrungsreserven Deutschlands und seiner Verb\u00fcndeten \u2013 Gold, Diamanten, Platin, Uran und das Wissen um v\u00f6llig neue Waffen \u2013 auf ungewisser Wanderschaft durch einen zerst\u00f6rten Kontinent. Aus v\u00f6llig unterschiedlichen Beweggr\u00fcnden versuchen M\u00e4nner, das Erbe ihrer Nationen und das Zusammengeraubte der letzten Jahre vor dem Zugriff des Feindes zu verstecken. Ihr Bem\u00fchen gipfelt in der Sicherstellung einer materiellen Basis k\u00fcnftiger Staaten, aber oft auch in pers\u00f6nlicher Bereicherung. Dabei schrecken sie vor gar nichts zur\u00fcck. Ihnen auf der Spur sind spezielle amerikanische Kommandoeinheiten.<br \/>\nEin gnadenloser Wettlauf beginnt, welcher noch vor der endg\u00fcltigen Niederlage Deutschlands in eine von den Alliierten gelenkte Auspl\u00fcnderung \u00fcbergeht. Patrioten, Gangster und Siegerm\u00e4chte, alle streiten um die Hinterlassenschaften der Nationalsozialisten. Manches wird sp\u00e4ter den Gesch\u00e4digten zur\u00fcckgegeben. Doch vieles bleibt bis heute verschwunden.<br \/>\nEinige der interessantesten F\u00e4lle werden in diesem Buch vorgestellt.<\/p>\n","protected":false},"excerpt":{"rendered":"<p>Das Dritte Reich ist am Ende. An allen Fronten ist man auf dem R\u00fcckzug. Neben unz\u00e4hligen Museumssch\u00e4tzen, wie dem Bernsteinzimmer, befinden sich die W\u00e4hrungsreserven Deutschlands und seiner Verb\u00fcndeten \u2013 Gold, Diamanten, Platin, Uran und das Wissen um v\u00f6llig neue Waffen \u2013 auf ungewisser Wanderschaft durch einen zerst\u00f6rten Kontinent. Aus v\u00f6llig unterschiedlichen Beweggr\u00fcnden versuchen M\u00e4nner, das Erbe ihrer Nationen und das Zusammengeraubte der letzten Jahre vor dem Zugriff des Feindes zu verstecken. Ihr Bem\u00fchen gipfelt in der Sicherstellung einer materiellen Basis k\u00fcnftiger Staaten, aber oft auch in pers\u00f6nlicher Bereicherung. Dabei schrecken sie vor gar nichts zur\u00fcck. Ihnen auf der Spur sind spezielle amerikanische Kommandoeinheiten. Ein gnadenloser Wettlauf beginnt, welcher noch vor der endg\u00fcltigen Niederlage Deutschlands in eine von den Alliierten gelenkte Auspl\u00fcnderung \u00fcbergeht. Patrioten, Gangster und Siegerm\u00e4chte, alle streiten um die Hinterlassenschaften der Nationalsozialisten. Manches wird sp\u00e4ter den Gesch\u00e4digten zur\u00fcckgegeben. Doch vieles bleibt bis heute verschwunden. Einige der interessantesten F\u00e4lle werden in diesem Buch vorgestellt.<\/p>\n","protected":false},"featured_media":6255,"template":"","meta":[],"product_brand":[],"product_cat":[15,25],"product_tag":[],"class_list":{"0":"post-9004","1":"product","2":"type-product","3":"status-publish","4":"has-post-thumbnail","6":"product_cat-concepcion-seidel-ohg","7":"product_cat-individuelles-geschichte-und-gegenwart","8":"product_shipping_class-buecher-bis-2kg","10":"first","11":"instock","12":"shipping-taxable","13":"purchasable","14":"product-type-simple"},"acf":[],"_links":{"self":[{"href":"https:\/\/concepcion.de\/index.php\/wp-json\/wp\/v2\/product\/9004","targetHints":{"allow":["GET"]}}],"collection":[{"href":"https:\/\/concepcion.de\/index.php\/wp-json\/wp\/v2\/product"}],"about":[{"href":"https:\/\/concepcion.de\/index.php\/wp-json\/wp\/v2\/types\/product"}],"wp:featuredmedia":[{"embeddable":true,"href":"https:\/\/concepcion.de\/index.php\/wp-json\/wp\/v2\/media\/6255"}],"wp:attachment":[{"href":"https:\/\/concepcion.de\/index.php\/wp-json\/wp\/v2\/media?parent=9004"}],"wp:term":[{"taxonomy":"product_brand","embeddable":true,"href":"https:\/\/concepcion.de\/index.php\/wp-json\/wp\/v2\/product_brand?post=9004"},{"taxonomy":"product_cat","embeddable":true,"href":"https:\/\/concepcion.de\/index.php\/wp-json\/wp\/v2\/product_cat?post=9004"},{"taxonomy":"product_tag","embeddable":true,"href":"https:\/\/concepcion.de\/index.php\/wp-json\/wp\/v2\/product_tag?post=9004"}],"curies":[{"name":"wp","href":"https:\/\/api.w.org\/{rel}","templated":true}]}}