{"id":8982,"date":"2025-02-08T19:36:29","date_gmt":"2025-02-08T19:36:29","guid":{"rendered":"https:\/\/concepcion.de\/?post_type=product&#038;p=8982"},"modified":"2025-03-25T10:11:46","modified_gmt":"2025-03-25T10:11:46","slug":"uli-ein-zeuge-weiss-zuviel","status":"publish","type":"product","link":"https:\/\/concepcion.de\/index.php\/produkt\/uli-ein-zeuge-weiss-zuviel\/","title":{"rendered":"Uli ein Zeuge wei\u00df zuviel"},"content":{"rendered":"<p>Bettina, ein M\u00e4dchen aus Ulis Klasse, ist verschwunden. Die Entf\u00fchrer verlangen viel Geld &#8211; und das, obwohl Bettinas Eltern nur Schulden haben.<br \/>\nZuerst tappt Uli im Dunkeln. Doch dann gibt eine Nachbarin wichtige Informationen. Im Wald stolpern Uli und Marion \u00fcber einen Hinweis &#8211; und da ist vor allem ein Zeuge, der mehr sagt, als er eigentlich wissen kann &#8230;<\/p>\n","protected":false},"excerpt":{"rendered":"<p>Bettina, ein M\u00e4dchen aus Ulis Klasse, ist verschwunden. Die Entf\u00fchrer verlangen viel Geld &#8211; und das, obwohl Bettinas Eltern nur Schulden haben. Zuerst tappt Uli im Dunkeln. Doch dann gibt eine Nachbarin wichtige Informationen. Im Wald stolpern Uli und Marion \u00fcber einen Hinweis &#8211; und da ist vor allem ein Zeuge, der mehr sagt, als er eigentlich wissen kann &#8230;<\/p>\n","protected":false},"featured_media":6354,"template":"","meta":[],"product_brand":[],"product_cat":[15,21],"product_tag":[],"class_list":{"0":"post-8982","1":"product","2":"type-product","3":"status-publish","4":"has-post-thumbnail","6":"product_cat-concepcion-seidel-ohg","7":"product_cat-kinderundjuegendliteratur","8":"product_shipping_class-buecher-bis-2kg","10":"first","11":"instock","12":"shipping-taxable","13":"purchasable","14":"product-type-simple"},"acf":[],"_links":{"self":[{"href":"https:\/\/concepcion.de\/index.php\/wp-json\/wp\/v2\/product\/8982","targetHints":{"allow":["GET"]}}],"collection":[{"href":"https:\/\/concepcion.de\/index.php\/wp-json\/wp\/v2\/product"}],"about":[{"href":"https:\/\/concepcion.de\/index.php\/wp-json\/wp\/v2\/types\/product"}],"wp:featuredmedia":[{"embeddable":true,"href":"https:\/\/concepcion.de\/index.php\/wp-json\/wp\/v2\/media\/6354"}],"wp:attachment":[{"href":"https:\/\/concepcion.de\/index.php\/wp-json\/wp\/v2\/media?parent=8982"}],"wp:term":[{"taxonomy":"product_brand","embeddable":true,"href":"https:\/\/concepcion.de\/index.php\/wp-json\/wp\/v2\/product_brand?post=8982"},{"taxonomy":"product_cat","embeddable":true,"href":"https:\/\/concepcion.de\/index.php\/wp-json\/wp\/v2\/product_cat?post=8982"},{"taxonomy":"product_tag","embeddable":true,"href":"https:\/\/concepcion.de\/index.php\/wp-json\/wp\/v2\/product_tag?post=8982"}],"curies":[{"name":"wp","href":"https:\/\/api.w.org\/{rel}","templated":true}]}}