{"id":8922,"date":"2025-02-08T19:36:08","date_gmt":"2025-02-08T19:36:08","guid":{"rendered":"https:\/\/concepcion.de\/?post_type=product&#038;p=8922"},"modified":"2025-02-11T17:34:56","modified_gmt":"2025-02-11T17:34:56","slug":"klarsichthuelle-85-x-118-cm-fuer-faltkarte","status":"publish","type":"product","link":"https:\/\/concepcion.de\/index.php\/produkt\/klarsichthuelle-85-x-118-cm-fuer-faltkarte\/","title":{"rendered":"Klarsichth\u00fclle 8,5 x 11,8 cm, f\u00fcr Faltkarte"},"content":{"rendered":"<p>Klarsichth\u00fclle 8,5 x 11,8 cm, f\u00fcr Faltkarte<\/p>\n","protected":false},"excerpt":{"rendered":"<p>Klarsichth\u00fclle 8,5 x 11,8 cm, f\u00fcr Faltkarte<\/p>\n","protected":false},"featured_media":7308,"template":"","meta":[],"product_brand":[],"product_cat":[86],"product_tag":[],"class_list":{"0":"post-8922","1":"product","2":"type-product","3":"status-publish","4":"has-post-thumbnail","6":"product_cat-huellen","7":"product_shipping_class-buecher-bis-2kg","9":"first","10":"instock","11":"shipping-taxable","12":"purchasable","13":"product-type-simple"},"acf":[],"_links":{"self":[{"href":"https:\/\/concepcion.de\/index.php\/wp-json\/wp\/v2\/product\/8922","targetHints":{"allow":["GET"]}}],"collection":[{"href":"https:\/\/concepcion.de\/index.php\/wp-json\/wp\/v2\/product"}],"about":[{"href":"https:\/\/concepcion.de\/index.php\/wp-json\/wp\/v2\/types\/product"}],"wp:featuredmedia":[{"embeddable":true,"href":"https:\/\/concepcion.de\/index.php\/wp-json\/wp\/v2\/media\/7308"}],"wp:attachment":[{"href":"https:\/\/concepcion.de\/index.php\/wp-json\/wp\/v2\/media?parent=8922"}],"wp:term":[{"taxonomy":"product_brand","embeddable":true,"href":"https:\/\/concepcion.de\/index.php\/wp-json\/wp\/v2\/product_brand?post=8922"},{"taxonomy":"product_cat","embeddable":true,"href":"https:\/\/concepcion.de\/index.php\/wp-json\/wp\/v2\/product_cat?post=8922"},{"taxonomy":"product_tag","embeddable":true,"href":"https:\/\/concepcion.de\/index.php\/wp-json\/wp\/v2\/product_tag?post=8922"}],"curies":[{"name":"wp","href":"https:\/\/api.w.org\/{rel}","templated":true}]}}