{"id":8905,"date":"2025-02-08T19:36:07","date_gmt":"2025-02-08T19:36:07","guid":{"rendered":"https:\/\/concepcion.de\/?post_type=product&#038;p=8905"},"modified":"2025-03-25T10:02:23","modified_gmt":"2025-03-25T10:02:23","slug":"uem-de-haamet-zengstrim","status":"publish","type":"product","link":"https:\/\/concepcion.de\/index.php\/produkt\/uem-de-haamet-zengstrim\/","title":{"rendered":"\u00dcm de Haamet zengstrim"},"content":{"rendered":"<p>Eberhard Navratil:<br \/>\n<em>&#8222;Wue mende wos Schiens woar un heit is e L\u00fcck,<br \/>\nis Lehm siech vr\u00e4nnrt, iech denk gern zer\u00fcck,<br \/>\nvielleicht hilftrs B\u00fcchl, siech droa ze drinnern,<br \/>\ndrzeehls halt weng wattr vor allen ne Kinnern.&#8220;<\/em><\/p>\n","protected":false},"excerpt":{"rendered":"<p>Eberhard Navratil: &#8222;Wue mende wos Schiens woar un heit is e L\u00fcck, is Lehm siech vr\u00e4nnrt, iech denk gern zer\u00fcck, vielleicht hilftrs B\u00fcchl, siech droa ze drinnern, drzeehls halt weng wattr vor allen ne Kinnern.&#8220;<\/p>\n","protected":false},"featured_media":6347,"template":"","meta":[],"product_brand":[],"product_cat":[15,24],"product_tag":[],"class_list":{"0":"post-8905","1":"product","2":"type-product","3":"status-publish","4":"has-post-thumbnail","6":"product_cat-concepcion-seidel-ohg","7":"product_cat-vogtlandverlag","8":"product_shipping_class-buecher-bis-2kg","10":"first","11":"instock","12":"shipping-taxable","13":"purchasable","14":"product-type-simple"},"acf":[],"_links":{"self":[{"href":"https:\/\/concepcion.de\/index.php\/wp-json\/wp\/v2\/product\/8905","targetHints":{"allow":["GET"]}}],"collection":[{"href":"https:\/\/concepcion.de\/index.php\/wp-json\/wp\/v2\/product"}],"about":[{"href":"https:\/\/concepcion.de\/index.php\/wp-json\/wp\/v2\/types\/product"}],"wp:featuredmedia":[{"embeddable":true,"href":"https:\/\/concepcion.de\/index.php\/wp-json\/wp\/v2\/media\/6347"}],"wp:attachment":[{"href":"https:\/\/concepcion.de\/index.php\/wp-json\/wp\/v2\/media?parent=8905"}],"wp:term":[{"taxonomy":"product_brand","embeddable":true,"href":"https:\/\/concepcion.de\/index.php\/wp-json\/wp\/v2\/product_brand?post=8905"},{"taxonomy":"product_cat","embeddable":true,"href":"https:\/\/concepcion.de\/index.php\/wp-json\/wp\/v2\/product_cat?post=8905"},{"taxonomy":"product_tag","embeddable":true,"href":"https:\/\/concepcion.de\/index.php\/wp-json\/wp\/v2\/product_tag?post=8905"}],"curies":[{"name":"wp","href":"https:\/\/api.w.org\/{rel}","templated":true}]}}