{"id":11150,"date":"2026-04-16T16:43:50","date_gmt":"2026-04-16T16:43:50","guid":{"rendered":"https:\/\/concepcion.de\/?post_type=product&#038;p=11150"},"modified":"2026-04-17T11:36:14","modified_gmt":"2026-04-17T11:36:14","slug":"brief-an-gott","status":"publish","type":"product","link":"https:\/\/concepcion.de\/index.php\/produkt\/brief-an-gott\/","title":{"rendered":"Brief an Gott"},"content":{"rendered":"<p><strong>VATER UNSER IM HIMMEL<\/strong><\/p>\n<p>GEHEILIGT WERDE DEIN NAME.<br \/>\nDEIN REICH KOMME, DEIN WILLE GESCHEHE,<br \/>\nWIE IM HIMMEL, SO AUF ERDEN.<br \/>\nUNSER T\u00c4GLICHES BROT GIB UNS HEUTE UND<br \/>\nVERGIB UNS UNSERE SCHULD, WIE AUCH WIR<br \/>\nVERGEBEN UNSEREN SCHULDIGERN.<br \/>\nUND F\u00dcHRE UNS NICHT IN VERSUCHUNG,<br \/>\nSONDERN ERL\u00d6SE UNS VON DEM B\u00d6SEN.<br \/>\nDENN DEIN IST DAS REICH UND DIE KRAFT<br \/>\nUND DIE HERRLICHKEIT IN EWIGKEIT.<\/p>\n<p><strong>AMEN.<\/strong><\/p>\n","protected":false},"excerpt":{"rendered":"<p>VATER UNSER IM HIMMEL GEHEILIGT WERDE DEIN NAME. DEIN REICH KOMME, DEIN WILLE GESCHEHE, WIE IM HIMMEL, SO AUF ERDEN. UNSER T\u00c4GLICHES BROT GIB UNS HEUTE UND VERGIB UNS UNSERE SCHULD, WIE AUCH WIR VERGEBEN UNSEREN SCHULDIGERN. UND F\u00dcHRE UNS NICHT IN VERSUCHUNG, SONDERN ERL\u00d6SE UNS VON DEM B\u00d6SEN. DENN DEIN IST DAS REICH UND DIE KRAFT UND DIE HERRLICHKEIT IN EWIGKEIT. AMEN.<\/p>\n","protected":false},"featured_media":11152,"template":"","meta":[],"product_brand":[],"product_cat":[15,25],"product_tag":[],"class_list":{"0":"post-11150","1":"product","2":"type-product","3":"status-publish","4":"has-post-thumbnail","6":"product_cat-concepcion-seidel-ohg","7":"product_cat-individuelles-geschichte-und-gegenwart","8":"product_shipping_class-buecher-bis-2kg","10":"first","11":"instock","12":"shipping-taxable","13":"purchasable","14":"product-type-simple"},"acf":[],"_links":{"self":[{"href":"https:\/\/concepcion.de\/index.php\/wp-json\/wp\/v2\/product\/11150","targetHints":{"allow":["GET"]}}],"collection":[{"href":"https:\/\/concepcion.de\/index.php\/wp-json\/wp\/v2\/product"}],"about":[{"href":"https:\/\/concepcion.de\/index.php\/wp-json\/wp\/v2\/types\/product"}],"wp:featuredmedia":[{"embeddable":true,"href":"https:\/\/concepcion.de\/index.php\/wp-json\/wp\/v2\/media\/11152"}],"wp:attachment":[{"href":"https:\/\/concepcion.de\/index.php\/wp-json\/wp\/v2\/media?parent=11150"}],"wp:term":[{"taxonomy":"product_brand","embeddable":true,"href":"https:\/\/concepcion.de\/index.php\/wp-json\/wp\/v2\/product_brand?post=11150"},{"taxonomy":"product_cat","embeddable":true,"href":"https:\/\/concepcion.de\/index.php\/wp-json\/wp\/v2\/product_cat?post=11150"},{"taxonomy":"product_tag","embeddable":true,"href":"https:\/\/concepcion.de\/index.php\/wp-json\/wp\/v2\/product_tag?post=11150"}],"curies":[{"name":"wp","href":"https:\/\/api.w.org\/{rel}","templated":true}]}}