{"id":11147,"date":"2026-02-26T16:34:17","date_gmt":"2026-02-26T16:34:17","guid":{"rendered":"https:\/\/concepcion.de\/?post_type=product&#038;p=11147"},"modified":"2026-02-27T09:41:50","modified_gmt":"2026-02-27T09:41:50","slug":"das-beste-fuer-unsere-stadt","status":"publish","type":"product","link":"https:\/\/concepcion.de\/index.php\/produkt\/das-beste-fuer-unsere-stadt\/","title":{"rendered":"Das Beste f\u00fcr unsere Stadt"},"content":{"rendered":"<p>Vier M\u00e4nner meistern schwere Zeiten<br \/>\nVier M\u00e4nner bringen eine Firma durch die schwersten Krisenzeiten. Sie k\u00e4mpfen f\u00fcr den Erhalt \u201eihrer\u201c Eisenh\u00fctte Westfalia (gegr\u00fcndet 1826 in L\u00fcnen, Westfalen), f\u00fcr menschliches Miteinander und bessere Arbeitsbedingungen. Um die schwere Arbeit der Bergleute zu erleichtern, erfinden sie Maschinen und liefern sie in alle Erdteile.<br \/>\nDie vier M\u00e4nner sind nicht nur erfolgreiche Gesch\u00e4ftsm\u00e4nner und Ingenieure, sondern auch \u00fcberzeugte und engagierte Christen. Sie ziehen sich nicht in ihre christliche Gemeinde und Privatsph\u00e4re zur\u00fcck. Sie riskieren viel \u2013 finanziell, pers\u00f6nlich, politisch. Pers\u00f6nlich erleben sie dabei auch Krisen und Niederlagen, aber sie geben nie auf.<br \/>\nW\u00e4hrend andere Fabriken in den Kriegs- und Nachkriegszeiten ihre Tore schlie\u00dfen m\u00fcssen, schaffen es Ernst Wei\u00df (1868\u20131946), Alfred Johannes Schneider-Paas (1879\u20131957), Wilhelm L\u00f6bbe (1890\u20131950) und Friedrich Surmann (1900\u20131952), die Eisenh\u00fctte zu einem Unternehmen von Weltrang zu machen. Darum widmete die Stadt L\u00fcnen jedem von ihnen einen Stra\u00dfennamen. Sie sind gesch\u00e4tzt und geachtet als leistungsf\u00e4hige Direktoren und vorbildliche Christen, denn sie haben Industrie- und Kirchengeschichte mitgeschrieben.<\/p>\n<p>Dem Autor gelingt es, ein St\u00fcck Zeitgeschichte lebendig darzustellen und h\u00f6chst aufschlussreiche Einblicke in Lebenszusammenh\u00e4nge zu geben, die sich auf eine folgenreiche Phase der deutschen Br\u00fcderbewegung beziehen.<\/p>\n<p>Hartmut Wahl, Jg. 1948, verheiratet, zwei Kinder, Pastor im Ruhestand, lebt in Velbert. Er ist Mitglied im Arbeitskreis \u201eGeschichte der Br\u00fcderbewegung\u201d und forscht schon seit vielen Jahren an unterschiedlichen Themen im Umfeld freikirchlicher Gemeinden in Deutschland.<\/p>\n","protected":false},"excerpt":{"rendered":"<p>Vier M\u00e4nner meistern schwere Zeiten Vier M\u00e4nner bringen eine Firma durch die schwersten Krisenzeiten. Sie k\u00e4mpfen f\u00fcr den Erhalt \u201eihrer\u201c Eisenh\u00fctte Westfalia (gegr\u00fcndet 1826 in L\u00fcnen, Westfalen), f\u00fcr menschliches Miteinander und bessere Arbeitsbedingungen. Um die schwere Arbeit der Bergleute zu erleichtern, erfinden sie Maschinen und liefern sie in alle Erdteile. Die vier M\u00e4nner sind nicht nur erfolgreiche Gesch\u00e4ftsm\u00e4nner und Ingenieure, sondern auch \u00fcberzeugte und engagierte Christen. Sie ziehen sich nicht in ihre christliche Gemeinde und Privatsph\u00e4re zur\u00fcck. Sie riskieren viel \u2013 finanziell, pers\u00f6nlich, politisch. Pers\u00f6nlich erleben sie dabei auch Krisen und Niederlagen, aber sie geben nie auf. W\u00e4hrend andere Fabriken in den Kriegs- und Nachkriegszeiten ihre Tore schlie\u00dfen m\u00fcssen, schaffen es Ernst Wei\u00df (1868\u20131946), Alfred Johannes Schneider-Paas (1879\u20131957), Wilhelm L\u00f6bbe (1890\u20131950) und Friedrich Surmann (1900\u20131952), die Eisenh\u00fctte zu einem Unternehmen von Weltrang zu machen. Darum widmete die Stadt L\u00fcnen jedem von ihnen einen Stra\u00dfennamen. Sie sind gesch\u00e4tzt und geachtet als leistungsf\u00e4hige Direktoren und vorbildliche Christen, denn sie haben Industrie- und Kirchengeschichte mitgeschrieben. Dem Autor gelingt es, ein St\u00fcck Zeitgeschichte lebendig darzustellen und h\u00f6chst aufschlussreiche Einblicke in Lebenszusammenh\u00e4nge zu geben, die sich auf eine folgenreiche Phase der deutschen Br\u00fcderbewegung beziehen. Hartmut Wahl, Jg. 1948, verheiratet, zwei Kinder, Pastor im Ruhestand, lebt in Velbert. Er ist Mitglied im Arbeitskreis \u201eGeschichte der Br\u00fcderbewegung\u201d und forscht schon seit vielen Jahren an unterschiedlichen Themen im Umfeld freikirchlicher Gemeinden in Deutschland.<\/p>\n","protected":false},"featured_media":11148,"template":"","meta":[],"product_brand":[],"product_cat":[15,25],"product_tag":[],"class_list":{"0":"post-11147","1":"product","2":"type-product","3":"status-publish","4":"has-post-thumbnail","6":"product_cat-concepcion-seidel-ohg","7":"product_cat-individuelles-geschichte-und-gegenwart","8":"product_shipping_class-buecher-bis-2kg","10":"first","11":"instock","12":"shipping-taxable","13":"purchasable","14":"product-type-simple"},"acf":[],"_links":{"self":[{"href":"https:\/\/concepcion.de\/index.php\/wp-json\/wp\/v2\/product\/11147","targetHints":{"allow":["GET"]}}],"collection":[{"href":"https:\/\/concepcion.de\/index.php\/wp-json\/wp\/v2\/product"}],"about":[{"href":"https:\/\/concepcion.de\/index.php\/wp-json\/wp\/v2\/types\/product"}],"wp:featuredmedia":[{"embeddable":true,"href":"https:\/\/concepcion.de\/index.php\/wp-json\/wp\/v2\/media\/11148"}],"wp:attachment":[{"href":"https:\/\/concepcion.de\/index.php\/wp-json\/wp\/v2\/media?parent=11147"}],"wp:term":[{"taxonomy":"product_brand","embeddable":true,"href":"https:\/\/concepcion.de\/index.php\/wp-json\/wp\/v2\/product_brand?post=11147"},{"taxonomy":"product_cat","embeddable":true,"href":"https:\/\/concepcion.de\/index.php\/wp-json\/wp\/v2\/product_cat?post=11147"},{"taxonomy":"product_tag","embeddable":true,"href":"https:\/\/concepcion.de\/index.php\/wp-json\/wp\/v2\/product_tag?post=11147"}],"curies":[{"name":"wp","href":"https:\/\/api.w.org\/{rel}","templated":true}]}}