{"id":11138,"date":"2026-03-23T11:43:40","date_gmt":"2026-03-23T11:43:40","guid":{"rendered":"https:\/\/concepcion.de\/?post_type=product&#038;p=11138"},"modified":"2026-03-24T12:02:48","modified_gmt":"2026-03-24T12:02:48","slug":"bobo-sagt-sorry","status":"publish","type":"product","link":"https:\/\/concepcion.de\/index.php\/produkt\/bobo-sagt-sorry\/","title":{"rendered":"Bobo sagt Sorry"},"content":{"rendered":"<p>Die frechen Tiere aus dem beliebten Bilderband <em>\u201eAku, der Graupapagei\u201c<\/em> erleben in dieser Geschichte ein weiteres Abenteuer, das Kindern ein L\u00e4cheln auf die Lippen zaubern wird.<br \/>\nBobo, der Affe, stellt einiges an und bekommt deshalb m\u00e4chtig \u00c4rger.<br \/>\nEr muss lernen, dass das Wort \u201esorry\u201c (\u201ees tut mir leid\u201c) eine Menge Probleme l\u00f6sen kann!<\/p>\n<p><em>Eine Geschichte voller Abenteuer und Witz f\u00fcr Kinder ab 4 Jahren<\/em><\/p>\n","protected":false},"excerpt":{"rendered":"<p>Die frechen Tiere aus dem beliebten Bilderband \u201eAku, der Graupapagei\u201c erleben in dieser Geschichte ein weiteres Abenteuer, das Kindern ein L\u00e4cheln auf die Lippen zaubern wird. Bobo, der Affe, stellt einiges an und bekommt deshalb m\u00e4chtig \u00c4rger. Er muss lernen, dass das Wort \u201esorry\u201c (\u201ees tut mir leid\u201c) eine Menge Probleme l\u00f6sen kann! Eine Geschichte voller Abenteuer und Witz f\u00fcr Kinder ab 4 Jahren<\/p>\n","protected":false},"featured_media":11140,"template":"","meta":[],"product_brand":[],"product_cat":[15,21],"product_tag":[],"class_list":{"0":"post-11138","1":"product","2":"type-product","3":"status-publish","4":"has-post-thumbnail","6":"product_cat-concepcion-seidel-ohg","7":"product_cat-kinderundjuegendliteratur","8":"product_shipping_class-buecher-bis-2kg","10":"first","11":"instock","12":"shipping-taxable","13":"purchasable","14":"product-type-simple"},"acf":[],"_links":{"self":[{"href":"https:\/\/concepcion.de\/index.php\/wp-json\/wp\/v2\/product\/11138","targetHints":{"allow":["GET"]}}],"collection":[{"href":"https:\/\/concepcion.de\/index.php\/wp-json\/wp\/v2\/product"}],"about":[{"href":"https:\/\/concepcion.de\/index.php\/wp-json\/wp\/v2\/types\/product"}],"wp:featuredmedia":[{"embeddable":true,"href":"https:\/\/concepcion.de\/index.php\/wp-json\/wp\/v2\/media\/11140"}],"wp:attachment":[{"href":"https:\/\/concepcion.de\/index.php\/wp-json\/wp\/v2\/media?parent=11138"}],"wp:term":[{"taxonomy":"product_brand","embeddable":true,"href":"https:\/\/concepcion.de\/index.php\/wp-json\/wp\/v2\/product_brand?post=11138"},{"taxonomy":"product_cat","embeddable":true,"href":"https:\/\/concepcion.de\/index.php\/wp-json\/wp\/v2\/product_cat?post=11138"},{"taxonomy":"product_tag","embeddable":true,"href":"https:\/\/concepcion.de\/index.php\/wp-json\/wp\/v2\/product_tag?post=11138"}],"curies":[{"name":"wp","href":"https:\/\/api.w.org\/{rel}","templated":true}]}}