{"id":11128,"date":"2026-01-29T11:18:44","date_gmt":"2026-01-29T11:18:44","guid":{"rendered":"https:\/\/concepcion.de\/?post_type=product&#038;p=11128"},"modified":"2026-01-29T13:59:18","modified_gmt":"2026-01-29T13:59:18","slug":"vom-noahbund-zum-neuen-bund-ein-roter-faden-durch-die-bibel","status":"publish","type":"product","link":"https:\/\/concepcion.de\/index.php\/produkt\/vom-noahbund-zum-neuen-bund-ein-roter-faden-durch-die-bibel\/","title":{"rendered":"Vom Noahbund zum Neuen Bund \u2013 Ein roter Faden durch die Bibel"},"content":{"rendered":"<p>Gott hat ein Ziel mit dieser Welt, und Altes und Neues Testament berichten, wie dieses Ziel verfolgt wird. Was verbindet nun das Neue Testament mit dem Alten Testament? Was ist der \u201erote Faden&#8220; aller biblischen B\u00fccher? Drei Viertel unserer Bibel besteht aus dem Alten Testament. Wer den Neuen Bund verstehen will, den Jesus gestiftet hat, muss die \u201ealten\u201c B\u00fcndnisse kennen, die mit Noah, Abraham, Mose und David begannen.<\/p>\n<p>Volker Kessler gelingt es, biblische Theologie auf den Punkt zu bringen. Sein L\u00e4ngsschnitt durch die Bibel er\u00f6ffnet in kurzer Zeit, worum es im Wort Gottes geht. <\/p>\n<p>Prof. Dr. habil. Dr. rer. nat. Volker Kessler ist Mathematiker und Theologe. Als Autor ist er bekannt f\u00fcr seine kompakten B\u00fccher. Er leitet die Stiftung Akademie f\u00fcr christliche F\u00fchrungskr\u00e4fte und die Gesellschaft f\u00fcr Bildung und Forschung in Europa e.V. <\/p>\n<p><em>\u201eTheologie verst\u00e4ndlich und kompakt. Wer einen z\u00fcgigen und gleichzeitig fundierten Zugang zum Thema Bund ben\u00f6tigt, dem sei die Lekt\u00fcre w\u00e4rmstens empfohlen, egal ob interessierter Laie, Theologiestudent oder Pastor.\u201c<\/em><br \/>\nDr. Gunnar Begerau, Dozent f\u00fcr Altes Testament, Biblisch-Theologische Akademie Wiedenest<\/p>\n","protected":false},"excerpt":{"rendered":"<p>Gott hat ein Ziel mit dieser Welt, und Altes und Neues Testament berichten, wie dieses Ziel verfolgt wird. Was verbindet nun das Neue Testament mit dem Alten Testament? Was ist der \u201erote Faden&#8220; aller biblischen B\u00fccher? Drei Viertel unserer Bibel besteht aus dem Alten Testament. Wer den Neuen Bund verstehen will, den Jesus gestiftet hat, muss die \u201ealten\u201c B\u00fcndnisse kennen, die mit Noah, Abraham, Mose und David begannen. Volker Kessler gelingt es, biblische Theologie auf den Punkt zu bringen. Sein L\u00e4ngsschnitt durch die Bibel er\u00f6ffnet in kurzer Zeit, worum es im Wort Gottes geht. Prof. Dr. habil. Dr. rer. nat. Volker Kessler ist Mathematiker und Theologe. Als Autor ist er bekannt f\u00fcr seine kompakten B\u00fccher. Er leitet die Stiftung Akademie f\u00fcr christliche F\u00fchrungskr\u00e4fte und die Gesellschaft f\u00fcr Bildung und Forschung in Europa e.V. \u201eTheologie verst\u00e4ndlich und kompakt. Wer einen z\u00fcgigen und gleichzeitig fundierten Zugang zum Thema Bund ben\u00f6tigt, dem sei die Lekt\u00fcre w\u00e4rmstens empfohlen, egal ob interessierter Laie, Theologiestudent oder Pastor.\u201c Dr. Gunnar Begerau, Dozent f\u00fcr Altes Testament, Biblisch-Theologische Akademie Wiedenest<\/p>\n","protected":false},"featured_media":11129,"template":"","meta":[],"product_brand":[],"product_cat":[32,18],"product_tag":[],"class_list":{"0":"post-11128","1":"product","2":"type-product","3":"status-publish","4":"has-post-thumbnail","6":"product_cat-grundlagen","7":"product_cat-jota-publikationen","8":"product_shipping_class-buecher-bis-2kg","10":"first","11":"instock","12":"shipping-taxable","13":"purchasable","14":"product-type-simple"},"acf":[],"_links":{"self":[{"href":"https:\/\/concepcion.de\/index.php\/wp-json\/wp\/v2\/product\/11128","targetHints":{"allow":["GET"]}}],"collection":[{"href":"https:\/\/concepcion.de\/index.php\/wp-json\/wp\/v2\/product"}],"about":[{"href":"https:\/\/concepcion.de\/index.php\/wp-json\/wp\/v2\/types\/product"}],"wp:featuredmedia":[{"embeddable":true,"href":"https:\/\/concepcion.de\/index.php\/wp-json\/wp\/v2\/media\/11129"}],"wp:attachment":[{"href":"https:\/\/concepcion.de\/index.php\/wp-json\/wp\/v2\/media?parent=11128"}],"wp:term":[{"taxonomy":"product_brand","embeddable":true,"href":"https:\/\/concepcion.de\/index.php\/wp-json\/wp\/v2\/product_brand?post=11128"},{"taxonomy":"product_cat","embeddable":true,"href":"https:\/\/concepcion.de\/index.php\/wp-json\/wp\/v2\/product_cat?post=11128"},{"taxonomy":"product_tag","embeddable":true,"href":"https:\/\/concepcion.de\/index.php\/wp-json\/wp\/v2\/product_tag?post=11128"}],"curies":[{"name":"wp","href":"https:\/\/api.w.org\/{rel}","templated":true}]}}