{"id":11118,"date":"2025-01-06T14:35:04","date_gmt":"2025-01-06T14:35:04","guid":{"rendered":"https:\/\/concepcion.de\/?post_type=product&#038;p=11118"},"modified":"2026-02-25T13:02:09","modified_gmt":"2026-02-25T13:02:09","slug":"tragbarer-sitz-tisch-mintgruen","status":"publish","type":"product","link":"https:\/\/concepcion.de\/index.php\/produkt\/tragbarer-sitz-tisch-mintgruen\/","title":{"rendered":"Mintgr\u00fcn | Tragbarer Sitz-Tisch"},"content":{"rendered":"<p>Der tragbare Sitz-Tisch ist ideal f\u00fcr Kinder, Jugendliche und Erwachsene.<br \/>\nOb im Klassenzimmer, Zuhause oder unterwegs \u2013 bietet er eine flexible Arbeits- und Lernfl\u00e4che f\u00fcr jede Situation.<\/p>\n<p><strong>Produktmerkmale:<\/strong><br \/>\n\u2022 Vielseitige Unterlage: Perfekt zum Schreiben, f\u00fcr Laptop, Tablet oder kreative Aufgaben<br \/>\n\u2022 Flexibel einsetzbar: F\u00fcr Unterricht, Hausaufgaben, Homeoffice oder mobiles Lernen<br \/>\n\u2022 Mobil &amp; praktisch: Leichtes, einteiliges Design f\u00fcr einfachen Transport<br \/>\n\u2022 Platzsparend: Stapelbar und unkompliziert zu verstauen<br \/>\n\u2022 Sicher &amp; sofort einsatzbereit: Fertig montiert, mit abgerundeten Kanten<br \/>\n\u2022 Gewicht: ca. 1,6\u202fkg<\/p>\n<p><strong>Farbauswahl:<\/strong><br \/>\nMintgr\u00fcn, Grau, Orange\/Terracotta<\/p>\n<p><strong>Ab 2 St\u00fcck inkl. Versand!<\/strong><br \/>\nF\u00fcr gr\u00f6\u00dfere Mengen erstellen wir Ihnen gerne ein individuelles Angebot.<\/p>\n","protected":false},"excerpt":{"rendered":"<p>Der tragbare Sitz-Tisch ist ideal f\u00fcr Kinder, Jugendliche und Erwachsene. Ob im Klassenzimmer, Zuhause oder unterwegs \u2013 bietet er eine flexible Arbeits- und Lernfl\u00e4che f\u00fcr jede Situation. Produktmerkmale: \u2022 Vielseitige Unterlage: Perfekt zum Schreiben, f\u00fcr Laptop, Tablet oder kreative Aufgaben \u2022 Flexibel einsetzbar: F\u00fcr Unterricht, Hausaufgaben, Homeoffice oder mobiles Lernen \u2022 Mobil &amp; praktisch: Leichtes, einteiliges Design f\u00fcr einfachen Transport \u2022 Platzsparend: Stapelbar und unkompliziert zu verstauen \u2022 Sicher &amp; sofort einsatzbereit: Fertig montiert, mit abgerundeten Kanten \u2022 Gewicht: ca. 1,6\u202fkg Farbauswahl: Mintgr\u00fcn, Grau, Orange\/Terracotta Ab 2 St\u00fcck inkl. Versand! F\u00fcr gr\u00f6\u00dfere Mengen erstellen wir Ihnen gerne ein individuelles Angebot.<\/p>\n","protected":false},"featured_media":11097,"template":"","meta":[],"product_brand":[],"product_cat":[19],"product_tag":[],"class_list":{"0":"post-11118","1":"product","2":"type-product","3":"status-publish","4":"has-post-thumbnail","6":"product_cat-lehrmittel","7":"product_shipping_class-warensendung-bis-5kg","9":"first","10":"instock","11":"shipping-taxable","12":"purchasable","13":"product-type-simple"},"acf":[],"_links":{"self":[{"href":"https:\/\/concepcion.de\/index.php\/wp-json\/wp\/v2\/product\/11118","targetHints":{"allow":["GET"]}}],"collection":[{"href":"https:\/\/concepcion.de\/index.php\/wp-json\/wp\/v2\/product"}],"about":[{"href":"https:\/\/concepcion.de\/index.php\/wp-json\/wp\/v2\/types\/product"}],"wp:featuredmedia":[{"embeddable":true,"href":"https:\/\/concepcion.de\/index.php\/wp-json\/wp\/v2\/media\/11097"}],"wp:attachment":[{"href":"https:\/\/concepcion.de\/index.php\/wp-json\/wp\/v2\/media?parent=11118"}],"wp:term":[{"taxonomy":"product_brand","embeddable":true,"href":"https:\/\/concepcion.de\/index.php\/wp-json\/wp\/v2\/product_brand?post=11118"},{"taxonomy":"product_cat","embeddable":true,"href":"https:\/\/concepcion.de\/index.php\/wp-json\/wp\/v2\/product_cat?post=11118"},{"taxonomy":"product_tag","embeddable":true,"href":"https:\/\/concepcion.de\/index.php\/wp-json\/wp\/v2\/product_tag?post=11118"}],"curies":[{"name":"wp","href":"https:\/\/api.w.org\/{rel}","templated":true}]}}