{"id":10891,"date":"2025-09-15T16:00:21","date_gmt":"2025-09-15T16:00:21","guid":{"rendered":"https:\/\/concepcion.de\/?post_type=product&#038;p=10891"},"modified":"2025-09-17T15:28:49","modified_gmt":"2025-09-17T15:28:49","slug":"verzweiflung-und-aufbruch","status":"publish","type":"product","link":"https:\/\/concepcion.de\/index.php\/produkt\/verzweiflung-und-aufbruch\/","title":{"rendered":"Verzweiflung und Aufbruch"},"content":{"rendered":"<p>Zeitzeugen berichten von der ersten Demonstration in der DDR, die bereits am 7. Oktober 1989 in Plauen stattfand. Ohne \u201eBlaupause\u201c, v\u00f6llig unberechenbar f\u00fcr Superintendent Thomas K\u00fcttler und die anderen Akteure, lie\u00dfen sich die Vogtl\u00e4nder auf die Auseinandersetzung mit der Staatsmacht ein.<\/p>\n<p>Die Konsequenzen konnten sie nach den Demonstrationen 1956, dem Mauerbau 1961 und der Niederschlagung des Prager Fr\u00fchlings 1968 schlimmstenfalls erahnen.<br \/>\nIn W\u00fcrdigung des Engagements wird hier Thomas K\u00fcttler skizziert. Lebende Akteure neben ihm tragen dazu bei dass diese Geschehnisse nicht in Vergessenheit geraten.<\/p>\n<p>Dieses Buch ist nicht ein \u201ezehnter\u201c Bericht \u00fcber den 7. Oktober 1989 in Plauen. Beschrieben werden vielmehr Gedanken und Motivationen von Menschen, die im Herbst &#8217;89 aktiv geworden sind. Es ist der Wert der Freiheit, den wir an k\u00fcnftige Generationen vermitteln m\u00fcssen.<\/p>\n<p><strong>Eine kurze Leseprobe finden Sie <a href=\"https:\/\/concepcion.de\/wp-content\/uploads\/2025\/09\/Verzweiflung-und-Aufbruch_Leseprobe.pdf\">hier.<\/a><\/strong><\/p>\n","protected":false},"excerpt":{"rendered":"<p>Zeitzeugen berichten von der ersten Demonstration in der DDR, die bereits am 7. Oktober 1989 in Plauen stattfand. Ohne \u201eBlaupause\u201c, v\u00f6llig unberechenbar f\u00fcr Superintendent Thomas K\u00fcttler und die anderen Akteure, lie\u00dfen sich die Vogtl\u00e4nder auf die Auseinandersetzung mit der Staatsmacht ein. Die Konsequenzen konnten sie nach den Demonstrationen 1956, dem Mauerbau 1961 und der Niederschlagung des Prager Fr\u00fchlings 1968 schlimmstenfalls erahnen. In W\u00fcrdigung des Engagements wird hier Thomas K\u00fcttler skizziert. Lebende Akteure neben ihm tragen dazu bei dass diese Geschehnisse nicht in Vergessenheit geraten. Dieses Buch ist nicht ein \u201ezehnter\u201c Bericht \u00fcber den 7. Oktober 1989 in Plauen. Beschrieben werden vielmehr Gedanken und Motivationen von Menschen, die im Herbst &#8217;89 aktiv geworden sind. Es ist der Wert der Freiheit, den wir an k\u00fcnftige Generationen vermitteln m\u00fcssen. Eine kurze Leseprobe finden Sie hier.<\/p>\n","protected":false},"featured_media":10892,"template":"","meta":[],"product_brand":[],"product_cat":[15,25],"product_tag":[],"class_list":{"0":"post-10891","1":"product","2":"type-product","3":"status-publish","4":"has-post-thumbnail","6":"product_cat-concepcion-seidel-ohg","7":"product_cat-individuelles-geschichte-und-gegenwart","8":"product_shipping_class-buecher-bis-2kg","10":"first","11":"instock","12":"shipping-taxable","13":"purchasable","14":"product-type-simple"},"acf":[],"_links":{"self":[{"href":"https:\/\/concepcion.de\/index.php\/wp-json\/wp\/v2\/product\/10891","targetHints":{"allow":["GET"]}}],"collection":[{"href":"https:\/\/concepcion.de\/index.php\/wp-json\/wp\/v2\/product"}],"about":[{"href":"https:\/\/concepcion.de\/index.php\/wp-json\/wp\/v2\/types\/product"}],"wp:featuredmedia":[{"embeddable":true,"href":"https:\/\/concepcion.de\/index.php\/wp-json\/wp\/v2\/media\/10892"}],"wp:attachment":[{"href":"https:\/\/concepcion.de\/index.php\/wp-json\/wp\/v2\/media?parent=10891"}],"wp:term":[{"taxonomy":"product_brand","embeddable":true,"href":"https:\/\/concepcion.de\/index.php\/wp-json\/wp\/v2\/product_brand?post=10891"},{"taxonomy":"product_cat","embeddable":true,"href":"https:\/\/concepcion.de\/index.php\/wp-json\/wp\/v2\/product_cat?post=10891"},{"taxonomy":"product_tag","embeddable":true,"href":"https:\/\/concepcion.de\/index.php\/wp-json\/wp\/v2\/product_tag?post=10891"}],"curies":[{"name":"wp","href":"https:\/\/api.w.org\/{rel}","templated":true}]}}