{"id":10602,"date":"2025-08-07T14:31:17","date_gmt":"2025-08-07T14:31:17","guid":{"rendered":"https:\/\/concepcion.de\/?post_type=product&#038;p=10602"},"modified":"2025-09-22T12:20:44","modified_gmt":"2025-09-22T12:20:44","slug":"die-palaestinenser-mythen-und-maertyrer","status":"publish","type":"product","link":"https:\/\/concepcion.de\/index.php\/produkt\/die-palaestinenser-mythen-und-maertyrer\/","title":{"rendered":"Die Pal\u00e4stinenser &#8211; Mythen und M\u00e4rtyrer"},"content":{"rendered":"<p>Tauchen Sie ein in die kontroverse Geschichte eines Volkes, das seit Jahrzehnten im Mittelpunkt des Konflikts um den j\u00fcdischen Staat steht.<br \/>\nJohannes Gerloff l\u00e4sst vor allem die Menschen vor Ort zu Wort kommen, um so kulturelle, religi\u00f6se und politische Facetten erkennbar zu machen, die die Identit\u00e4t der Pal\u00e4stinenser pr\u00e4gen. <\/p>\n<p>Es sind Narrative oder Mythen, die eine Gruppe von Menschen zu einem \u201eVolk\u201c verbinden, f\u00fcr das es sich dann \u2013 so meinen nicht wenige \u2013 zu sterben lohnt. \u201eWer sind die Pal\u00e4stinenser?\u201c,<br \/>\n\u201eWas treibt sie an?\u201c sind Fragen, die sich durch das gesamte Buch hindurchziehen.<\/p>\n<p><em>\u00fcberarbeitete und stark erg\u00e4nzte Neuauflage<\/em><\/p>\n<p><strong>Eine kurze Leseprobe finden Sie <a href=\"https:\/\/concepcion.de\/wp-content\/uploads\/2025\/08\/Blick-ins-Buch.pdf\">hier.<\/a><\/strong><\/p>\n","protected":false},"excerpt":{"rendered":"<p>Tauchen Sie ein in die kontroverse Geschichte eines Volkes, das seit Jahrzehnten im Mittelpunkt des Konflikts um den j\u00fcdischen Staat steht. Johannes Gerloff l\u00e4sst vor allem die Menschen vor Ort zu Wort kommen, um so kulturelle, religi\u00f6se und politische Facetten erkennbar zu machen, die die Identit\u00e4t der Pal\u00e4stinenser pr\u00e4gen. Es sind Narrative oder Mythen, die eine Gruppe von Menschen zu einem \u201eVolk\u201c verbinden, f\u00fcr das es sich dann \u2013 so meinen nicht wenige \u2013 zu sterben lohnt. \u201eWer sind die Pal\u00e4stinenser?\u201c, \u201eWas treibt sie an?\u201c sind Fragen, die sich durch das gesamte Buch hindurchziehen. \u00fcberarbeitete und stark erg\u00e4nzte Neuauflage Eine kurze Leseprobe finden Sie hier.<\/p>\n","protected":false},"featured_media":10568,"template":"","meta":[],"product_brand":[],"product_cat":[18,34],"product_tag":[],"class_list":{"0":"post-10602","1":"product","2":"type-product","3":"status-publish","4":"has-post-thumbnail","6":"product_cat-jota-publikationen","7":"product_cat-sonstiges","8":"product_shipping_class-buecher-bis-2kg","10":"first","11":"instock","12":"shipping-taxable","13":"purchasable","14":"product-type-simple"},"acf":[],"_links":{"self":[{"href":"https:\/\/concepcion.de\/index.php\/wp-json\/wp\/v2\/product\/10602","targetHints":{"allow":["GET"]}}],"collection":[{"href":"https:\/\/concepcion.de\/index.php\/wp-json\/wp\/v2\/product"}],"about":[{"href":"https:\/\/concepcion.de\/index.php\/wp-json\/wp\/v2\/types\/product"}],"wp:featuredmedia":[{"embeddable":true,"href":"https:\/\/concepcion.de\/index.php\/wp-json\/wp\/v2\/media\/10568"}],"wp:attachment":[{"href":"https:\/\/concepcion.de\/index.php\/wp-json\/wp\/v2\/media?parent=10602"}],"wp:term":[{"taxonomy":"product_brand","embeddable":true,"href":"https:\/\/concepcion.de\/index.php\/wp-json\/wp\/v2\/product_brand?post=10602"},{"taxonomy":"product_cat","embeddable":true,"href":"https:\/\/concepcion.de\/index.php\/wp-json\/wp\/v2\/product_cat?post=10602"},{"taxonomy":"product_tag","embeddable":true,"href":"https:\/\/concepcion.de\/index.php\/wp-json\/wp\/v2\/product_tag?post=10602"}],"curies":[{"name":"wp","href":"https:\/\/api.w.org\/{rel}","templated":true}]}}