{"id":10589,"date":"2025-08-07T08:36:59","date_gmt":"2025-08-07T08:36:59","guid":{"rendered":"https:\/\/concepcion.de\/?post_type=product&#038;p=10589"},"modified":"2025-12-03T10:03:53","modified_gmt":"2025-12-03T10:03:53","slug":"wandkalender-2026-unner-vogtland","status":"publish","type":"product","link":"https:\/\/concepcion.de\/index.php\/produkt\/wandkalender-2026-unner-vogtland\/","title":{"rendered":"Unner Vogtland 2026 &#8211; Wandkalender &#8211;"},"content":{"rendered":"<p><strong><em>Unner Vogtland 2026<\/em><\/strong><br \/>\nErlebe das Vogtland im Wandel der Jahreszeiten: Der Kalender <strong>\u201eUnner Vogtland 2026\u201c<\/strong> zeigt Monat f\u00fcr Monat die sch\u00f6nsten Seiten unserer Heimat \u2013 von verschneiten Panoramen \u00fcber bl\u00fchende Fr\u00fchlingswiesen bis hin zu goldenen Herbstlandschaften. Ob bekannte Wahrzeichen wie die <em>G\u00f6ltzschtalbr\u00fccke<\/em>, historische Stadtansichten oder idyllische Naturmotive \u2013 dieser Kalender ist ein liebevoll gestaltetes St\u00fcck Heimat f\u00fcr dein Zuhause.<\/p>\n<p><strong>Mit dabei: altbew\u00e4hrte vogtl\u00e4ndische Wetterregeln<\/strong>, die auf unterhaltsame und traditionelle Weise durchs Jahr begleiten.<\/p>\n<p>Qualit\u00e4t, die man sieht:<br \/>\n\u2022 Format: A3 \u2013 f\u00fcr gro\u00dfformatige, brillante Bilder<br \/>\n\u2022 Hochwertiger Qualit\u00e4tsdruck auf Bilderdruckpapier<br \/>\n\u2022 Wire-O-Bindung mit Daumenloch und Aufh\u00e4nger \u2013 sofort bereit zum Aufh\u00e4ngen<br \/>\n\u2022 Regionale Motive mit Herz &amp; Geschichte<\/p>\n<p>Ein besonderes Geschenk f\u00fcr Vogtland-Fans, Heimatverbundene oder alle, die gern sch\u00f6ne Dinge an der Wand haben.<\/p>\n<p>\ud83d\udc49 <strong>Unner Vogtland 2026<\/strong> \u2013 mehr als ein Kalender. Ein St\u00fcck Zuhause f\u00fcrs ganze Jahr.<\/p>\n","protected":false},"excerpt":{"rendered":"<p>Unner Vogtland 2026 Erlebe das Vogtland im Wandel der Jahreszeiten: Der Kalender \u201eUnner Vogtland 2026\u201c zeigt Monat f\u00fcr Monat die sch\u00f6nsten Seiten unserer Heimat \u2013 von verschneiten Panoramen \u00fcber bl\u00fchende Fr\u00fchlingswiesen bis hin zu goldenen Herbstlandschaften. Ob bekannte Wahrzeichen wie die G\u00f6ltzschtalbr\u00fccke, historische Stadtansichten oder idyllische Naturmotive \u2013 dieser Kalender ist ein liebevoll gestaltetes St\u00fcck Heimat f\u00fcr dein Zuhause. Mit dabei: altbew\u00e4hrte vogtl\u00e4ndische Wetterregeln, die auf unterhaltsame und traditionelle Weise durchs Jahr begleiten. Qualit\u00e4t, die man sieht: \u2022 Format: A3 \u2013 f\u00fcr gro\u00dfformatige, brillante Bilder \u2022 Hochwertiger Qualit\u00e4tsdruck auf Bilderdruckpapier \u2022 Wire-O-Bindung mit Daumenloch und Aufh\u00e4nger \u2013 sofort bereit zum Aufh\u00e4ngen \u2022 Regionale Motive mit Herz &amp; Geschichte Ein besonderes Geschenk f\u00fcr Vogtland-Fans, Heimatverbundene oder alle, die gern sch\u00f6ne Dinge an der Wand haben. \ud83d\udc49 Unner Vogtland 2026 \u2013 mehr als ein Kalender. Ein St\u00fcck Zuhause f\u00fcrs ganze Jahr.<\/p>\n","protected":false},"featured_media":10591,"template":"","meta":[],"product_brand":[],"product_cat":[15,24],"product_tag":[],"class_list":{"0":"post-10589","1":"product","2":"type-product","3":"status-publish","4":"has-post-thumbnail","6":"product_cat-concepcion-seidel-ohg","7":"product_cat-vogtlandverlag","8":"product_shipping_class-buecher-bis-2kg","10":"first","11":"instock","12":"shipping-taxable","13":"purchasable","14":"product-type-simple"},"acf":[],"_links":{"self":[{"href":"https:\/\/concepcion.de\/index.php\/wp-json\/wp\/v2\/product\/10589","targetHints":{"allow":["GET"]}}],"collection":[{"href":"https:\/\/concepcion.de\/index.php\/wp-json\/wp\/v2\/product"}],"about":[{"href":"https:\/\/concepcion.de\/index.php\/wp-json\/wp\/v2\/types\/product"}],"wp:featuredmedia":[{"embeddable":true,"href":"https:\/\/concepcion.de\/index.php\/wp-json\/wp\/v2\/media\/10591"}],"wp:attachment":[{"href":"https:\/\/concepcion.de\/index.php\/wp-json\/wp\/v2\/media?parent=10589"}],"wp:term":[{"taxonomy":"product_brand","embeddable":true,"href":"https:\/\/concepcion.de\/index.php\/wp-json\/wp\/v2\/product_brand?post=10589"},{"taxonomy":"product_cat","embeddable":true,"href":"https:\/\/concepcion.de\/index.php\/wp-json\/wp\/v2\/product_cat?post=10589"},{"taxonomy":"product_tag","embeddable":true,"href":"https:\/\/concepcion.de\/index.php\/wp-json\/wp\/v2\/product_tag?post=10589"}],"curies":[{"name":"wp","href":"https:\/\/api.w.org\/{rel}","templated":true}]}}