{"id":10476,"date":"2025-05-22T12:55:53","date_gmt":"2025-05-22T12:55:53","guid":{"rendered":"https:\/\/concepcion.de\/?post_type=product&#038;p=10476"},"modified":"2025-05-22T13:06:05","modified_gmt":"2025-05-22T13:06:05","slug":"wer-asche-huetet","status":"publish","type":"product","link":"https:\/\/concepcion.de\/index.php\/produkt\/wer-asche-huetet\/","title":{"rendered":"Wer Asche h\u00fctet"},"content":{"rendered":"<p>Der Start an der Uni und das Leben in der WG bringen Malin ganz sch\u00f6n an ihre Grenzen. Aber in der Hoffnung, dadurch anders zu werden, stellt sie sich den Herausforderungen.<br \/>\nDabei ist ihre Mitbewohnerin ihr Inspiration und Vorbild.<br \/>\nDoch dann passieren Dinge, die Malin den Boden unter den F\u00fc\u00dfen wegrei\u00dfen \u2026<br \/>\n\u201eAb welchem Alter ist das Buch?\u201c<br \/>\n\u201eDas kommt darauf an \u2013 je nachdem, was heute noch unter <em><strong>nicht jugendfrei<\/strong><\/em> f\u00e4llt. Inhalte und Handlungen, vor denen wir fr\u00fcher die junge Generation sch\u00fctzen wollten, werden mittlerweile zunehmend in die Schulen und sogar Kinderg\u00e4rten gepresst.\u201c<\/p>\n<p><em>Eine Geschichte \u00fcber die Suche nach Identit\u00e4t und dem eigenen Standpunkt<\/em><\/p>\n","protected":false},"excerpt":{"rendered":"<p>Der Start an der Uni und das Leben in der WG bringen Malin ganz sch\u00f6n an ihre Grenzen. Aber in der Hoffnung, dadurch anders zu werden, stellt sie sich den Herausforderungen. Dabei ist ihre Mitbewohnerin ihr Inspiration und Vorbild. Doch dann passieren Dinge, die Malin den Boden unter den F\u00fc\u00dfen wegrei\u00dfen \u2026 \u201eAb welchem Alter ist das Buch?\u201c \u201eDas kommt darauf an \u2013 je nachdem, was heute noch unter nicht jugendfrei f\u00e4llt. Inhalte und Handlungen, vor denen wir fr\u00fcher die junge Generation sch\u00fctzen wollten, werden mittlerweile zunehmend in die Schulen und sogar Kinderg\u00e4rten gepresst.\u201c Eine Geschichte \u00fcber die Suche nach Identit\u00e4t und dem eigenen Standpunkt<\/p>\n","protected":false},"featured_media":10477,"template":"","meta":[],"product_brand":[],"product_cat":[15,21],"product_tag":[],"class_list":{"0":"post-10476","1":"product","2":"type-product","3":"status-publish","4":"has-post-thumbnail","6":"product_cat-concepcion-seidel-ohg","7":"product_cat-kinderundjuegendliteratur","8":"product_shipping_class-buecher-bis-2kg","10":"first","11":"instock","12":"shipping-taxable","13":"purchasable","14":"product-type-simple"},"acf":[],"_links":{"self":[{"href":"https:\/\/concepcion.de\/index.php\/wp-json\/wp\/v2\/product\/10476","targetHints":{"allow":["GET"]}}],"collection":[{"href":"https:\/\/concepcion.de\/index.php\/wp-json\/wp\/v2\/product"}],"about":[{"href":"https:\/\/concepcion.de\/index.php\/wp-json\/wp\/v2\/types\/product"}],"wp:featuredmedia":[{"embeddable":true,"href":"https:\/\/concepcion.de\/index.php\/wp-json\/wp\/v2\/media\/10477"}],"wp:attachment":[{"href":"https:\/\/concepcion.de\/index.php\/wp-json\/wp\/v2\/media?parent=10476"}],"wp:term":[{"taxonomy":"product_brand","embeddable":true,"href":"https:\/\/concepcion.de\/index.php\/wp-json\/wp\/v2\/product_brand?post=10476"},{"taxonomy":"product_cat","embeddable":true,"href":"https:\/\/concepcion.de\/index.php\/wp-json\/wp\/v2\/product_cat?post=10476"},{"taxonomy":"product_tag","embeddable":true,"href":"https:\/\/concepcion.de\/index.php\/wp-json\/wp\/v2\/product_tag?post=10476"}],"curies":[{"name":"wp","href":"https:\/\/api.w.org\/{rel}","templated":true}]}}