{"id":10184,"date":"2025-02-08T19:44:16","date_gmt":"2025-02-08T19:44:16","guid":{"rendered":"https:\/\/concepcion.de\/?post_type=product&#038;p=10184"},"modified":"2025-02-11T17:36:26","modified_gmt":"2025-02-11T17:36:26","slug":"gaestebuch-gross-blumenranke-orange","status":"publish","type":"product","link":"https:\/\/concepcion.de\/index.php\/produkt\/gaestebuch-gross-blumenranke-orange\/","title":{"rendered":"G\u00e4stebuch-gro\u00df-Blumenranke-orange"},"content":{"rendered":"<p>G\u00e4stebuch-gro\u00df-Blumenranke-orange<\/p>\n","protected":false},"excerpt":{"rendered":"<p>G\u00e4stebuch-gro\u00df-Blumenranke-orange<\/p>\n","protected":false},"featured_media":7277,"template":"","meta":[],"product_brand":[],"product_cat":[50],"product_tag":[],"class_list":{"0":"post-10184","1":"product","2":"type-product","3":"status-publish","4":"has-post-thumbnail","6":"product_cat-papeterie","7":"product_shipping_class-buecher-bis-2kg","9":"first","10":"instock","11":"shipping-taxable","12":"purchasable","13":"product-type-simple"},"acf":[],"_links":{"self":[{"href":"https:\/\/concepcion.de\/index.php\/wp-json\/wp\/v2\/product\/10184","targetHints":{"allow":["GET"]}}],"collection":[{"href":"https:\/\/concepcion.de\/index.php\/wp-json\/wp\/v2\/product"}],"about":[{"href":"https:\/\/concepcion.de\/index.php\/wp-json\/wp\/v2\/types\/product"}],"wp:featuredmedia":[{"embeddable":true,"href":"https:\/\/concepcion.de\/index.php\/wp-json\/wp\/v2\/media\/7277"}],"wp:attachment":[{"href":"https:\/\/concepcion.de\/index.php\/wp-json\/wp\/v2\/media?parent=10184"}],"wp:term":[{"taxonomy":"product_brand","embeddable":true,"href":"https:\/\/concepcion.de\/index.php\/wp-json\/wp\/v2\/product_brand?post=10184"},{"taxonomy":"product_cat","embeddable":true,"href":"https:\/\/concepcion.de\/index.php\/wp-json\/wp\/v2\/product_cat?post=10184"},{"taxonomy":"product_tag","embeddable":true,"href":"https:\/\/concepcion.de\/index.php\/wp-json\/wp\/v2\/product_tag?post=10184"}],"curies":[{"name":"wp","href":"https:\/\/api.w.org\/{rel}","templated":true}]}}