{"id":10104,"date":"2025-02-08T19:43:40","date_gmt":"2025-02-08T19:43:40","guid":{"rendered":"https:\/\/concepcion.de\/?post_type=product&#038;p=10104"},"modified":"2025-03-19T16:50:50","modified_gmt":"2025-03-19T16:50:50","slug":"aufbruch-in-die-stille","status":"publish","type":"product","link":"https:\/\/concepcion.de\/index.php\/produkt\/aufbruch-in-die-stille\/","title":{"rendered":"Aufbruch in die Stille"},"content":{"rendered":"<p><em>Ein Bootssteg<\/em><\/p>\n<p>Er lenkt den Blick hinaus in die Stille des Sees und schafft damit Abstand zwischen mir und dem \u00fcblichen Alltag. Hier kann ich ein Boot besteigen und aufbrechen. Alles Sonstige lasse ich hinter mir. Ich fahre hinaus in die Stille eines Sees. Mich empfangen lediglich die T\u00f6ne der Natur, das Rauschen des Windes und das Pl\u00e4tschern des Wassers. Heilende Stille legt sich um mich. Ereignislosigkeit umgibt mich. Keinerlei Ablenkung der Sinne durch Stra\u00dfenverkehr oder Baul\u00e4rm. Abstand zum Sonstigen finde ich hier.<\/p>\n<p>Ich kann aber auch nur gedanklich auf diese Weise aufbrechen. Den Whirlpool im Kopf schalte ich f\u00fcr einige Zeit ab und \u00fcberlasse mich der Stille.<\/p>\n<p>In diesem kleinen B\u00fcchlein ist die Rede von Menschen, die nicht nur kurzzeitig oder gedanklich aus dem bisherigen Alltag ausstiegen. Sie lie\u00dfen ihr gesamtes vorheriges Leben mit all seinen Wichtigkeiten los. In der Stille haben sie nicht nur besser zu sich selbst gefunden, sie konnten diesen neuen inneren Reichtum nun auch an andere weitergeben und so zum Segen f\u00fcr viele werden.<\/p>\n","protected":false},"excerpt":{"rendered":"<p>Ein Bootssteg Er lenkt den Blick hinaus in die Stille des Sees und schafft damit Abstand zwischen mir und dem \u00fcblichen Alltag. Hier kann ich ein Boot besteigen und aufbrechen. Alles Sonstige lasse ich hinter mir. Ich fahre hinaus in die Stille eines Sees. Mich empfangen lediglich die T\u00f6ne der Natur, das Rauschen des Windes und das Pl\u00e4tschern des Wassers. Heilende Stille legt sich um mich. Ereignislosigkeit umgibt mich. Keinerlei Ablenkung der Sinne durch Stra\u00dfenverkehr oder Baul\u00e4rm. Abstand zum Sonstigen finde ich hier. Ich kann aber auch nur gedanklich auf diese Weise aufbrechen. Den Whirlpool im Kopf schalte ich f\u00fcr einige Zeit ab und \u00fcberlasse mich der Stille. In diesem kleinen B\u00fcchlein ist die Rede von Menschen, die nicht nur kurzzeitig oder gedanklich aus dem bisherigen Alltag ausstiegen. Sie lie\u00dfen ihr gesamtes vorheriges Leben mit all seinen Wichtigkeiten los. In der Stille haben sie nicht nur besser zu sich selbst gefunden, sie konnten diesen neuen inneren Reichtum nun auch an andere weitergeben und so zum Segen f\u00fcr viele werden.<\/p>\n","protected":false},"featured_media":6338,"template":"","meta":[],"product_brand":[],"product_cat":[42,15],"product_tag":[],"class_list":{"0":"post-10104","1":"product","2":"type-product","3":"status-publish","4":"has-post-thumbnail","6":"product_cat-allgemeines","7":"product_cat-concepcion-seidel-ohg","8":"product_shipping_class-buecher-bis-2kg","10":"first","11":"instock","12":"shipping-taxable","13":"purchasable","14":"product-type-simple"},"acf":[],"_links":{"self":[{"href":"https:\/\/concepcion.de\/index.php\/wp-json\/wp\/v2\/product\/10104","targetHints":{"allow":["GET"]}}],"collection":[{"href":"https:\/\/concepcion.de\/index.php\/wp-json\/wp\/v2\/product"}],"about":[{"href":"https:\/\/concepcion.de\/index.php\/wp-json\/wp\/v2\/types\/product"}],"wp:featuredmedia":[{"embeddable":true,"href":"https:\/\/concepcion.de\/index.php\/wp-json\/wp\/v2\/media\/6338"}],"wp:attachment":[{"href":"https:\/\/concepcion.de\/index.php\/wp-json\/wp\/v2\/media?parent=10104"}],"wp:term":[{"taxonomy":"product_brand","embeddable":true,"href":"https:\/\/concepcion.de\/index.php\/wp-json\/wp\/v2\/product_brand?post=10104"},{"taxonomy":"product_cat","embeddable":true,"href":"https:\/\/concepcion.de\/index.php\/wp-json\/wp\/v2\/product_cat?post=10104"},{"taxonomy":"product_tag","embeddable":true,"href":"https:\/\/concepcion.de\/index.php\/wp-json\/wp\/v2\/product_tag?post=10104"}],"curies":[{"name":"wp","href":"https:\/\/api.w.org\/{rel}","templated":true}]}}