{"id":10081,"date":"2025-02-08T19:43:29","date_gmt":"2025-02-08T19:43:29","guid":{"rendered":"https:\/\/concepcion.de\/?post_type=product&#038;p=10081"},"modified":"2025-03-19T16:50:36","modified_gmt":"2025-03-19T16:50:36","slug":"israel-einst-und-heute","status":"publish","type":"product","link":"https:\/\/concepcion.de\/index.php\/produkt\/israel-einst-und-heute\/","title":{"rendered":"Israel &#8211; einst und heute"},"content":{"rendered":"<p><strong>Israel ist ein Wunder Gottes!<\/strong><\/p>\n<p>1948 wurde der moderne Staat Israel gegr\u00fcndet, doch das Heilige Land hat eine \u00fcber 3000-j\u00e4hrige Geschichte. Jedes Jahr besuchen Millionen Pilger Israel mit der Bibel in der Hand, um das Land kennenzulernen. Doch im modernen 21. Jahrhundert f\u00e4llt es einem nicht immer leicht, sich das Israel wie zu biblischen Zeiten vorzustellen. Dies war vor \u00fcber hundert Jahren noch anders. Als ab Mitte des 19. Jahrhunderts die ersten Touristen das damals unter t\u00fcrkischer Herrschaft stehende Land besuchten, meinten sie, die Zeit sei stehen geblieben und f\u00fchlten sich fast in biblische Zeiten zur\u00fcckversetzt. Dieses Fotobuch zeigt Aufnahmen des sp\u00e4ten 19. und fr\u00fchen 20. Jahrhunderts und stellt Fotos der Gegenwart gegen\u00fcber. Eindr\u00fccklich zeigen die Bilder, wie sich Israel entwickelt hat und sich die Prophezeiungen Gottes \u00fcber den wiedererstehenden Staat vor unseren Augen erf\u00fcllen. Der Leser wird zu einer Zeitreise \u201eIsrael \u2013 einst und heute\u201c eingeladen. Der Autor Alexander Schick leitet seit 25 Jahren biblische Studienreisen durch das Heilige Land. Immer griffbereit ist dabei seine Fotokamera. Er hat versucht, an vielen Stellen genau von der Position aus die Fotos aufzunehmen, von der aus die Fotografen auch vor hundert Jahren ihre Aufnahmen gemacht hatten. So ist mit 140 Fotos und vielen wertvollen Erl\u00e4uterungen ein Bildband entstanden, der den Betrachter zu einer faszinierenden Zeitreise mitnimmt. Erleben Sie das Land der Bibel in eindr\u00fccklichen aktuellen Aufnahmen neben historischen Fotogra\ufb01en von gro\u00dfem dokumentarischem Wert.<\/p>\n","protected":false},"excerpt":{"rendered":"<p>Israel ist ein Wunder Gottes! 1948 wurde der moderne Staat Israel gegr\u00fcndet, doch das Heilige Land hat eine \u00fcber 3000-j\u00e4hrige Geschichte. Jedes Jahr besuchen Millionen Pilger Israel mit der Bibel in der Hand, um das Land kennenzulernen. Doch im modernen 21. Jahrhundert f\u00e4llt es einem nicht immer leicht, sich das Israel wie zu biblischen Zeiten vorzustellen. Dies war vor \u00fcber hundert Jahren noch anders. Als ab Mitte des 19. Jahrhunderts die ersten Touristen das damals unter t\u00fcrkischer Herrschaft stehende Land besuchten, meinten sie, die Zeit sei stehen geblieben und f\u00fchlten sich fast in biblische Zeiten zur\u00fcckversetzt. Dieses Fotobuch zeigt Aufnahmen des sp\u00e4ten 19. und fr\u00fchen 20. Jahrhunderts und stellt Fotos der Gegenwart gegen\u00fcber. Eindr\u00fccklich zeigen die Bilder, wie sich Israel entwickelt hat und sich die Prophezeiungen Gottes \u00fcber den wiedererstehenden Staat vor unseren Augen erf\u00fcllen. Der Leser wird zu einer Zeitreise \u201eIsrael \u2013 einst und heute\u201c eingeladen. Der Autor Alexander Schick leitet seit 25 Jahren biblische Studienreisen durch das Heilige Land. Immer griffbereit ist dabei seine Fotokamera. Er hat versucht, an vielen Stellen genau von der Position aus die Fotos aufzunehmen, von der aus die Fotografen auch vor hundert Jahren ihre Aufnahmen gemacht hatten. So ist mit 140 Fotos und vielen wertvollen Erl\u00e4uterungen ein Bildband entstanden, der den Betrachter zu einer faszinierenden Zeitreise mitnimmt. Erleben Sie das Land der Bibel in eindr\u00fccklichen aktuellen Aufnahmen neben historischen Fotogra\ufb01en von gro\u00dfem dokumentarischem Wert.<\/p>\n","protected":false},"featured_media":6253,"template":"","meta":[],"product_brand":[],"product_cat":[42,15],"product_tag":[],"class_list":{"0":"post-10081","1":"product","2":"type-product","3":"status-publish","4":"has-post-thumbnail","6":"product_cat-allgemeines","7":"product_cat-concepcion-seidel-ohg","8":"product_shipping_class-buecher-bis-2kg","10":"first","11":"instock","12":"shipping-taxable","13":"purchasable","14":"product-type-simple"},"acf":[],"_links":{"self":[{"href":"https:\/\/concepcion.de\/index.php\/wp-json\/wp\/v2\/product\/10081","targetHints":{"allow":["GET"]}}],"collection":[{"href":"https:\/\/concepcion.de\/index.php\/wp-json\/wp\/v2\/product"}],"about":[{"href":"https:\/\/concepcion.de\/index.php\/wp-json\/wp\/v2\/types\/product"}],"wp:featuredmedia":[{"embeddable":true,"href":"https:\/\/concepcion.de\/index.php\/wp-json\/wp\/v2\/media\/6253"}],"wp:attachment":[{"href":"https:\/\/concepcion.de\/index.php\/wp-json\/wp\/v2\/media?parent=10081"}],"wp:term":[{"taxonomy":"product_brand","embeddable":true,"href":"https:\/\/concepcion.de\/index.php\/wp-json\/wp\/v2\/product_brand?post=10081"},{"taxonomy":"product_cat","embeddable":true,"href":"https:\/\/concepcion.de\/index.php\/wp-json\/wp\/v2\/product_cat?post=10081"},{"taxonomy":"product_tag","embeddable":true,"href":"https:\/\/concepcion.de\/index.php\/wp-json\/wp\/v2\/product_tag?post=10081"}],"curies":[{"name":"wp","href":"https:\/\/api.w.org\/{rel}","templated":true}]}}