{"id":10015,"date":"2025-02-08T19:43:06","date_gmt":"2025-02-08T19:43:06","guid":{"rendered":"https:\/\/concepcion.de\/?post_type=product&#038;p=10015"},"modified":"2025-02-11T17:34:12","modified_gmt":"2025-02-11T17:34:12","slug":"technischer-baukasten-maschinen-und-getriebe","status":"publish","type":"product","link":"https:\/\/concepcion.de\/index.php\/produkt\/technischer-baukasten-maschinen-und-getriebe\/","title":{"rendered":"Technischer Baukasten | Maschinen und Getriebe"},"content":{"rendered":"<p>Technischer Baukasten | Maschinen und Getriebe<\/p>\n","protected":false},"excerpt":{"rendered":"<p>Der Baukasten ist nicht nur im Unterricht zeitlos erprobt und bew\u00e4hrt. Die Verbindung von Theorie (Modelle) und Praxis (Nutzung von Maschinen und Ger\u00e4ten) wird optimal realisiert. Das einfach, sicher und schnell zu montierende Geh\u00e4use ist Basis der Getriebemodelle und Versuche. Knappe wertvolle Zeit geht nicht durch zeitintensiven Gestellbau verloren. Die robuste  Ausf\u00fchrung sichert den bew\u00e4hrten langfristigen Einsatz.<\/p>\n<p>Zur Ausstattung geh\u00f6ren verschiedene Stirnr\u00e4der, Riemenr\u00e4der, Kegelr\u00e4der, Schneckenrad, Reibrad, Antriebe mit Getriebemotor oder Handkurbel, Werkzeug, Kabel, Schrauben und Muttern M4, Achsen und Wellen mit Durchmesser 4 mm und Gestellbauteile. Ein sehr \u00fcbersichtliches farbiges Anleitungsheft A4 (20 Seiten) f\u00fchrt sicher zum Erfolgserlebnis.<\/p>\n","protected":false},"featured_media":7425,"template":"","meta":[],"product_brand":[],"product_cat":[19],"product_tag":[],"class_list":{"0":"post-10015","1":"product","2":"type-product","3":"status-publish","4":"has-post-thumbnail","6":"product_cat-lehrmittel","7":"product_shipping_class-warensendung-bis-5kg","9":"first","10":"instock","11":"shipping-taxable","12":"purchasable","13":"product-type-simple"},"acf":[],"_links":{"self":[{"href":"https:\/\/concepcion.de\/index.php\/wp-json\/wp\/v2\/product\/10015","targetHints":{"allow":["GET"]}}],"collection":[{"href":"https:\/\/concepcion.de\/index.php\/wp-json\/wp\/v2\/product"}],"about":[{"href":"https:\/\/concepcion.de\/index.php\/wp-json\/wp\/v2\/types\/product"}],"wp:featuredmedia":[{"embeddable":true,"href":"https:\/\/concepcion.de\/index.php\/wp-json\/wp\/v2\/media\/7425"}],"wp:attachment":[{"href":"https:\/\/concepcion.de\/index.php\/wp-json\/wp\/v2\/media?parent=10015"}],"wp:term":[{"taxonomy":"product_brand","embeddable":true,"href":"https:\/\/concepcion.de\/index.php\/wp-json\/wp\/v2\/product_brand?post=10015"},{"taxonomy":"product_cat","embeddable":true,"href":"https:\/\/concepcion.de\/index.php\/wp-json\/wp\/v2\/product_cat?post=10015"},{"taxonomy":"product_tag","embeddable":true,"href":"https:\/\/concepcion.de\/index.php\/wp-json\/wp\/v2\/product_tag?post=10015"}],"curies":[{"name":"wp","href":"https:\/\/api.w.org\/{rel}","templated":true}]}}