{"id":5735,"date":"2024-03-26T11:13:36","date_gmt":"2024-03-26T11:13:36","guid":{"rendered":"https:\/\/entwurf.concepcion.de\/index.php\/versandarten\/"},"modified":"2026-01-06T11:07:57","modified_gmt":"2026-01-06T11:07:57","slug":"versandarten","status":"publish","type":"page","link":"https:\/\/concepcion.de\/index.php\/versandarten\/","title":{"rendered":"Versandarten"},"content":{"rendered":"<p>Wir bieten den Versand Deutschlandweit zu folgenden Konditionen an:<br \/>\n\u2022 Preise inkl. gesetzlicher MwSt., zzgl. 3,95 \u20ac Versand,<br \/>\n\u2022 Artikel welche nicht als Kleinpaket oder B\u00fccher-\/Warensendung aufgegeben werden k\u00f6nnen, zzgl. 4,95 \u20ac Versand<br \/>\n\u2022 Versandkostenfrei ab einem Rechnungswert von 50,00 \u20ac.<\/p>\n<p>\u2022 Abholung vor Ort ist Kostenfrei.<\/p>\n<p>\u2022 Versand in die Schweiz bieten wir f\u00fcr 20,00 \u20ac an.<br \/>\nWenn Sie beim Kauf von unseren Produkten Versandkosten sparen m\u00f6chten bestellen Sie diese bitte \u00fcber unseren Partner in der Schweiz.<br \/>\nhttps:\/\/www.fontis-shop.ch<\/p>\n<p>\u2022 F\u00fcr den Versand in alle \u00fcbrigen EU L\u00e4nder berechnen wir 15,00 \u20ac.<\/p>\n<p>Alle weiteren Versandoptionen bitte per Mail vorher anfragen.<\/p>\n","protected":false},"excerpt":{"rendered":"<p>Wir bieten den Versand Deutschlandweit zu folgenden Konditionen an: \u2022 Preise inkl. gesetzlicher MwSt., zzgl. 3,95 \u20ac Versand, \u2022 Artikel welche nicht als Kleinpaket oder B\u00fccher-\/Warensendung aufgegeben werden k\u00f6nnen, zzgl. 4,95 \u20ac Versand \u2022 Versandkostenfrei ab einem Rechnungswert von 50,00 \u20ac. \u2022 Abholung vor Ort ist Kostenfrei. \u2022 Versand in die Schweiz bieten wir f\u00fcr 20,00 \u20ac an. Wenn Sie beim Kauf von unseren Produkten Versandkosten sparen m\u00f6chten bestellen Sie diese bitte \u00fcber unseren Partner in der Schweiz. https:\/\/www.fontis-shop.ch \u2022 F\u00fcr den Versand in alle \u00fcbrigen EU L\u00e4nder berechnen wir 15,00 \u20ac. Alle weiteren Versandoptionen bitte per Mail vorher anfragen.<\/p>\n","protected":false},"author":1,"featured_media":0,"parent":0,"menu_order":0,"comment_status":"closed","ping_status":"closed","template":"","meta":{"footnotes":""},"class_list":["post-5735","page","type-page","status-publish","hentry"],"acf":[],"_links":{"self":[{"href":"https:\/\/concepcion.de\/index.php\/wp-json\/wp\/v2\/pages\/5735","targetHints":{"allow":["GET"]}}],"collection":[{"href":"https:\/\/concepcion.de\/index.php\/wp-json\/wp\/v2\/pages"}],"about":[{"href":"https:\/\/concepcion.de\/index.php\/wp-json\/wp\/v2\/types\/page"}],"author":[{"embeddable":true,"href":"https:\/\/concepcion.de\/index.php\/wp-json\/wp\/v2\/users\/1"}],"replies":[{"embeddable":true,"href":"https:\/\/concepcion.de\/index.php\/wp-json\/wp\/v2\/comments?post=5735"}],"version-history":[{"count":9,"href":"https:\/\/concepcion.de\/index.php\/wp-json\/wp\/v2\/pages\/5735\/revisions"}],"predecessor-version":[{"id":11110,"href":"https:\/\/concepcion.de\/index.php\/wp-json\/wp\/v2\/pages\/5735\/revisions\/11110"}],"wp:attachment":[{"href":"https:\/\/concepcion.de\/index.php\/wp-json\/wp\/v2\/media?parent=5735"}],"curies":[{"name":"wp","href":"https:\/\/api.w.org\/{rel}","templated":true}]}}